{"id":3684,"date":"2024-04-23T09:21:59","date_gmt":"2024-04-23T09:21:59","guid":{"rendered":"https:\/\/glucofit.co\/villkor-och-anvisningar\/"},"modified":"2026-01-09T09:50:47","modified_gmt":"2026-01-09T09:50:47","slug":"villkor-och-anvisningar","status":"publish","type":"page","link":"https:\/\/glucofit.co\/sv\/villkor-och-anvisningar\/","title":{"rendered":"Villkor och anvisningar"},"content":{"rendered":"\t\t<div data-elementor-type=\"wp-page\" data-elementor-id=\"3684\" class=\"elementor elementor-3684 elementor-1879\" data-elementor-post-type=\"page\">\n\t\t\t\t<div class=\"elementor-element elementor-element-1d9106c1 e-con-full e-flex e-con e-parent\" data-id=\"1d9106c1\" data-element_type=\"container\">\n\t\t<div class=\"elementor-element elementor-element-7a7a0e2 innertop-banner-sctn e-flex e-con-boxed e-con e-child\" data-id=\"7a7a0e2\" data-element_type=\"container\" data-settings=\"{&quot;background_background&quot;:&quot;gradient&quot;}\">\n\t\t\t\t\t<div class=\"e-con-inner\">\n\t\t<div class=\"elementor-element elementor-element-e0a7e8b e-con-full e-flex e-con e-child\" data-id=\"e0a7e8b\" data-element_type=\"container\">\n\t\t\t\t<div class=\"elementor-element elementor-element-8ec0b82 elementor-widget elementor-widget-heading\" data-id=\"8ec0b82\" data-element_type=\"widget\" data-widget_type=\"heading.default\">\n\t\t\t\t<div class=\"elementor-widget-container\">\n\t\t\t<h1 class=\"elementor-heading-title elementor-size-default\">Villkor och anvisningar<\/h1>\t\t<\/div>\n\t\t\t\t<\/div>\n\t\t\t\t<\/div>\n\t\t\t\t\t<\/div>\n\t\t\t\t<\/div>\n\t\t\t\t<\/div>\n\t\t<div class=\"elementor-element elementor-element-15bf3a4 e-flex e-con-boxed e-con e-parent\" data-id=\"15bf3a4\" data-element_type=\"container\">\n\t\t\t\t\t<div class=\"e-con-inner\">\n\t\t\t\t<div class=\"elementor-element elementor-element-b43dbf0 gernal-content elementor-widget elementor-widget-text-editor\" data-id=\"b43dbf0\" data-element_type=\"widget\" data-widget_type=\"text-editor.default\">\n\t\t\t\t<div class=\"elementor-widget-container\">\n\t\t\t\t\t\t\t<h3 class=\"wp-block-heading\">1 Avtalspartner<\/h3>\n<p data-prosemirror-content-type=\"node\" data-prosemirror-node-name=\"paragraph\" data-prosemirror-node-block=\"true\" data-pm-slice=\"1 1 []\">FitSmart B.V.<br data-prosemirror-content-type=\"node\" data-prosemirror-node-name=\"hardBreak\" data-prosemirror-node-inline=\"true\" \/>Stadhouderskade 5<br data-prosemirror-content-type=\"node\" data-prosemirror-node-name=\"hardBreak\" data-prosemirror-node-inline=\"true\" \/>1054 ES Amsterdam<br data-prosemirror-content-type=\"node\" data-prosemirror-node-name=\"hardBreak\" data-prosemirror-node-inline=\"true\" \/>The Netherlands<\/p>\nAnropade avtalspart i f\u00f6ljande text.\n<h3 class=\"wp-block-heading\">2 Allm\u00e4nt, till\u00e4mpningsomr\u00e5de<\/h3>\nAlla tj\u00e4nster som tillhandah\u00e5lls av avtalspartnern f\u00f6r kunden ska utf\u00f6ras\nuteslutande p\u00e5 grundval av f\u00f6ljande allm\u00e4nna villkor. Avvikande best\u00e4mmelser g\u00e4ller endast i den m\u00e5n de har avtalats mellan avtalspartnern och kunden eller uttryckligen anges i dessa allm\u00e4nna villkor.\n<h3 class=\"wp-block-heading\">3 Betalning, f\u00f6rfallodag, betalningsf\u00f6rsummelse<\/h3>\n<ol>\n \t<li>Betalning f\u00f6r varorna kan ske med kreditkort eller PayPal,\nOmedelbar bank\u00f6verf\u00f6ring eller p\u00e5 konto. Avtalspartnern f\u00f6rbeh\u00e5ller sig r\u00e4tten att\natt acceptera eller utesluta vissa betalningsmetoder i enskilda fall.<\/li>\n \t<li>Vid betalning med Paypal f\u00f6rbinder sig kunden att betala k\u00f6peskillingen efter\natt avtalet ing\u00e5s utan dr\u00f6jsm\u00e5l.<\/li>\n \t<li>Om kunden \u00e4r i dr\u00f6jsm\u00e5l med betalningen har han r\u00e4tt till alla\nf\u00f6rsumlighet. Han \u00e4r ocks\u00e5 ansvarig f\u00f6r tillf\u00e4lligheter p\u00e5 grund av tj\u00e4nsten, s\u00e5vida inte,\natt skadan skulle ha intr\u00e4ffat \u00e4ven om betalningen hade gjorts i tid.<\/li>\n \t<li>K\u00f6peskillingen ska l\u00f6pa med r\u00e4nta under dr\u00f6jsm\u00e5lstiden. Standardr\u00e4ntan \u00e4r\nfem procentenheter \u00f6ver basr\u00e4ntan f\u00f6r \u00e5ret. F\u00f6r juridiska transaktioner som omfattar\nd\u00e4r en konsument inte \u00e4r inblandad, \u00e4r r\u00e4ntan \u00e5tta procentenheter h\u00f6gre\nbasr\u00e4ntan.<\/li>\n \t<li>Krav p\u00e5 ytterligare skadest\u00e5nd \u00e4r inte uteslutet.<\/li>\n<\/ol>\n<h3 class=\"wp-block-heading\">4 Leverans<\/h3>\n<ol>\n \t<li>Leverans ska ske genom att varorna skickas till den adress som kunden har angett.\nAdress. Leveranstiden \u00e4r i allm\u00e4nhet 3-5 arbetsdagar efter mottagandet av best\u00e4llningen.\nk\u00f6peskilling. Denna information \u00e4r icke-bindande om inte annat avtalats.<\/li>\n \t<li>Leveransen kommer att ske mot\nF\u00f6rpacknings- och fraktkostnader. F\u00f6r leveranser till utlandet, om inte annat avtalats\npriset f\u00f6r f\u00f6rpackning och frakt anges separat enligt vikt.\nber\u00e4knad. Om kunden beg\u00e4r en speciell typ av f\u00f6rs\u00e4ndelse som kr\u00e4ver h\u00f6gre\nkostnader uppst\u00e5r, m\u00e5ste han ocks\u00e5 b\u00e4ra dessa extra kostnader.<\/li>\n<\/ol>\n<h3 class=\"wp-block-heading\">5 Beh\u00e5llande av \u00e4gander\u00e4tt<\/h3>\nVarorna f\u00f6rblir avtalspartnerns egendom till dess att full betalning har erlagts.\nPants\u00e4ttning, s\u00e4kerhets\u00f6verl\u00e5telse, bearbetning, \u00e4gander\u00e4tts\u00f6verg\u00e5ng\neller omkonstruktion utan uttryckligt medgivande fr\u00e5n avtalsparten.\ntill\u00e5tet.\n<h3 class=\"wp-block-heading\">6 priser<\/h3>\n<ol>\n \t<li>Det pris som anges f\u00f6r v\u00e5ra varor \u00e4r slutpriset,\ninklusive eventuell till\u00e4mplig moms och andra priskomponenter. Den\nPriset inkluderar inte leverans- och fraktkostnader.<\/li>\n \t<li>I och med uppdateringen av avtalspartnerns webbsidor f\u00f6rsvinner alla tidigare\nPriser och annan information om varor \u00e4r ogiltiga.<\/li>\n \t<li>Priset vid tidpunkten f\u00f6r fakturans utf\u00e4rdande skall vara avg\u00f6rande f\u00f6r faktureringen.\nErbjudande fr\u00e5n kunden.<\/li>\n<\/ol>\n<h3 class=\"wp-block-heading\">7 R\u00e4tt till \u00e5terkallelse<\/h3>\n<ol>\n \t<li>Avtalspartnern har ocks\u00e5 r\u00e4tt att fr\u00e5ntr\u00e4da avtalet med avseende p\u00e5 en utest\u00e5ende\ndel av leveransen eller tj\u00e4nsten om felaktig information om leveransen eller tj\u00e4nsten l\u00e4mnas.\nkundens kreditv\u00e4rdighet har gjorts eller att det finns objektiva sk\u00e4l som talar f\u00f6r att\nkundens betalningsf\u00f6rm\u00e5ga och att kunden, p\u00e5 beg\u00e4ran av banken\navtalspartner, varken g\u00f6r f\u00f6rskottsbetalning eller tillhandah\u00e5ller en l\u00e4mplig\ns\u00e4kerhet eller om insolvensf\u00f6rfaranden inleds mot kundens tillg\u00e5ngar.\neller en ans\u00f6kan om inledande av insolvensf\u00f6rfaranden har l\u00e4mnats in p\u00e5 grund av avsaknad av\ntillg\u00e5ngar f\u00f6r att t\u00e4cka kostnader.<\/li>\n \t<li>Oberoende av avtalspartens skadest\u00e5ndsanspr\u00e5k, i h\u00e4ndelse av\npartiell \u00e5terkallelse, skall redan utf\u00f6rda deltj\u00e4nster faktureras och betalas i enlighet med avtalet.\nbetala.<\/li>\n<\/ol>\nAvbokningsregler\nDu har r\u00e4tt att s\u00e4ga upp detta avtal inom fjorton dagar utan att ange n\u00e5got sk\u00e4l.\natt \u00e5terkalla.\n\u00c5ngerfristen \u00e4r fjorton dagar:\n<ol>\n \t<li>Vid k\u00f6peavtal fr\u00e5n och med den dag d\u00e5 du eller n\u00e5gon av er\nnamngiven tredje part som inte \u00e4r transport\u00f6r har tagit godset i besittning\nhar eller har.<\/li>\n \t<li>Vid ett avtal om flera varor som ska levereras som en del av ett\nbest\u00e4lldes som en enda order och som levereras separat fr\u00e5n\nden dag d\u00e5 du eller en tredje part som du har utsett och som inte \u00e4r\ntransport\u00f6r, har tagit de sista varorna i besittning.<\/li>\n \t<li>N\u00e4r det g\u00e4ller avtal om regelbunden leverans av varor via en\nfr\u00e5n och med den dag d\u00e5 du eller n\u00e5gon av dina auktoriserade\nnamngiven tredje part, som inte \u00e4r transport\u00f6r, tar det f\u00f6rsta godset i besittning.\nhar tagit eller har tagit.<\/li>\n<\/ol>\nF\u00f6r att ut\u00f6va din \u00e5ngerr\u00e4tt m\u00e5ste du informera avtalspartnern genom att skicka ett\ntydlig f\u00f6rklaring (t.ex. ett brev som skickas per post eller e-post) om din\ninformera oss om ditt beslut att fr\u00e5ntr\u00e4da detta avtal. V\u00e4nligen fyll i\nf\u00f6ljande \u00e5ngerblankett och f\u00e5 den undertecknad och skickad till oss via e-post\natt komma:\n\n&#8211; Exempel p\u00e5 uttagsblankett &#8211; b\u00f6rjan\n\n\u00c5terkallelse\n\nJag\/vi (*) \u00e5terkallar h\u00e4rmed det avtal som jag\/vi (*) har ing\u00e5tt f\u00f6r\nInk\u00f6p av f\u00f6ljande varor (*)\/tillhandah\u00e5llande av f\u00f6ljande tj\u00e4nster (*):\n__________________________\n____________________________________________________\n____________________________________________________\n\nBest\u00e4llningsnummer \/ Order: ___________________________________\nBest\u00e4lld den (*) \/ mottagen den (*):\n__________________________________________\nKonsumentens\/konsumenternas namn:\n__________________________________________\nKonsumentens\/konsumenternas adress:\n__________________________________________\n________________________________________\nKonsumentens (konsumenternas) underskrift\n\nDatum f\u00f6r m\u00f6tet __________________________________\n\n(*) Stryk det som inte \u00e4r till\u00e4mpligt.\n\n&#8211; Exempel p\u00e5 \u00e5ngerblankett Slut-\n\nF\u00f6r att iaktta \u00e5ngerfristen r\u00e4cker det att du skickar ditt meddelande om att du ut\u00f6var din \u00e5ngerr\u00e4tt innan \u00e5ngerfristen har l\u00f6pt ut.\n<h3 class=\"wp-block-heading\">F\u00f6ljder av \u00e5terkallelse<\/h3>\nOm du fr\u00e5ntr\u00e4der detta avtal kommer vi att ha \u00e5terbetalat alla betalningar som vi har mottagit fr\u00e5n dig.\ninklusive leveranskostnader (med undantag f\u00f6r extra kostnader,\np\u00e5 grund av att ni har valt en annan typ av leverans \u00e4n den vi erbjuder.\nsom erbjuds, mest f\u00f6rdelaktiga standardleverans), utan on\u00f6digt dr\u00f6jsm\u00e5l och senast den\ninom fjorton dagar fr\u00e5n den dag d\u00e5 du mottog meddelandet om din\n\u00e5terkallelse av detta avtal har mottagits av oss. F\u00f6r denna \u00e5terbetalning anv\u00e4nd\nsamma betalningsmedel som du anv\u00e4nde f\u00f6r den ursprungliga transaktionen.\nhar, s\u00e5vida inte annat uttryckligen \u00f6verenskommits med dig; under inga omst\u00e4ndigheter ska\nI s\u00e5 fall kommer du att debiteras avgifter f\u00f6r denna \u00e5terbetalning\nVi kan v\u00e4gra att g\u00f6ra en \u00e5terbetalning f\u00f6rr\u00e4n vi har f\u00e5tt tillbaka varorna\neller tills du har l\u00e4mnat bevis p\u00e5 att du har returnerat varan.\nberoende p\u00e5 vilken som \u00e4r den tidigare tidpunkten.\nDu m\u00e5ste returnera varorna omedelbart och under alla omst\u00e4ndigheter inom fjorton\ndagar fr\u00e5n den dag d\u00e5 du informerar oss om \u00e5terkallandet av detta avtal till\n\u00e5terl\u00e4mnas eller \u00f6verl\u00e4mnas till avtalspartnern. Tidsfristen \u00e4r uppfylld om\ndu skickar varorna innan perioden p\u00e5 fjorton dagar har l\u00f6pt ut.\nReturer accepteras endast om varorna skickas tillbaka portofritt\nmed angivande av namn, adress, telefonnummer och ordernummer.\nDu beh\u00f6ver bara betala f\u00f6r eventuell v\u00e4rdeminskning av varorna om detta\nv\u00e4rdef\u00f6rlust till en f\u00f6r unders\u00f6kning av skick, egenskaper och\nfunktionalitet av varorna \u00e4r inte n\u00f6dv\u00e4ndig hantering med dem.\n<h3 class=\"wp-block-heading\">Uteslutning av \u00e5ngerr\u00e4tten<\/h3>\nBest\u00e4llningar av f\u00f6rseglade varor, t.ex. \u00e4ven kosttillskott, som\ninte l\u00e4mpar sig f\u00f6r \u00e5terl\u00e4mnande av h\u00e4lsoskydds- eller hygiensk\u00e4l\nom deras f\u00f6rsegling har avl\u00e4gsnats efter leverans eller fr\u00e5n varor som har\ninte \u00e4r prefabricerade och f\u00f6r vars produktion ett individuellt urval eller\nkonsumenten \u00e4r avg\u00f6rande eller som tydligt h\u00e4nvisar till konsumentens\n\u00e4r skr\u00e4ddarsydda f\u00f6r konsumentens personliga behov eller av varor som \u00e4r\nf\u00f6rst\u00f6rs snabbt eller vars utg\u00e5ngsdatum snabbt skulle \u00f6verskridas,\nkan inte \u00e5terkallas.\n&#8211; Utg\u00e5ngspunkten f\u00f6r \u00e5ngerr\u00e4tten\n<h3 class=\"wp-block-heading\">8 Garanti<\/h3>\n<ol>\n \t<li>Om varan \u00e4r felaktig ska kunden ha r\u00e4tt att, som efterf\u00f6ljande prestation enligt hans\nval av avhj\u00e4lpande av felet eller leverans av en felfri vara\nefterfr\u00e5gan. Avtalspartnern f\u00e5r v\u00e4lja den typ av efterf\u00f6ljande prestation som kunden har valt.\nom detta bara \u00e4r m\u00f6jligt till en oproportionerligt h\u00f6g kostnad. Dessa \u00e4r\ni synnerhet v\u00e4rdet av varan i felfritt skick, betydelsen av\nfel och fr\u00e5gan om huruvida den andra typen av efterf\u00f6ljande prestation kan\nskulle kunna anv\u00e4ndas utan betydande nackdelar f\u00f6r k\u00f6paren. P\u00e5st\u00e5endet\nkunden \u00e4r i detta fall begr\u00e4nsad till den andra typen av efterf\u00f6ljande prestation; den\nr\u00e4tt f\u00f6r avtalsparten att ocks\u00e5 kr\u00e4va dessa enligt villkoren i mening 1\nR\u00e4tten att v\u00e4gra anv\u00e4nda varorna p\u00e5verkas inte av detta.<\/li>\n \t<li>Om varorna redan har anv\u00e4nts, kan slitage eller\nfelaktig anv\u00e4ndning av varan efter \u00e5terl\u00e4mnandet har en v\u00e4rdeminskning konstaterats.\nsom kvittas mot en \u00e5terbetalning av k\u00f6peskillingen.<\/li>\n \t<li>Om k\u00f6pet \u00e4r en kommersiell transaktion f\u00f6r b\u00e5da parter m\u00e5ste kunden\nomedelbart efter leverans, i den m\u00e5n detta \u00e4r m\u00f6jligt inom ramen f\u00f6r den normala aff\u00e4rsverksamheten.\n\u00e4r genomf\u00f6rbart. Om en brist blir uppenbar har han gett oss detta\nomedelbart. Om kunden underl\u00e5ter att meddela oss, ska varorna anses vara\ngodk\u00e4nd, s\u00e5vida inte felet i fr\u00e5ga \u00e4r ett fel som inte har godk\u00e4nts av\nUnders\u00f6kningen var inte igenk\u00e4nnlig. Om ett s\u00e5dant fel visar sig vid en senare tidpunkt ska\nomedelbart efter uppt\u00e4ckten; i annat fall skall godset anses vara\nska \u00e4ven anses godk\u00e4nd med h\u00e4nsyn till denna brist. Dessa best\u00e4mmelser \u00e4r inte till\u00e4mpliga,\nom felet har dolts p\u00e5 ett bedr\u00e4gligt s\u00e4tt. F\u00f6r att bevara kundens r\u00e4ttigheter\nDet r\u00e4cker med att meddelandet s\u00e4nds i r\u00e4tt tid.<\/li>\n \t<li>Om avtalsparten levererar en felfri vara f\u00f6r efterf\u00f6ljande prestation,\nkan han kr\u00e4va att kunden \u00e5terl\u00e4mnar den defekta varan.<\/li>\n \t<li>Skada som orsakats av felaktiga eller icke avtalsenliga \u00e5tg\u00e4rder fr\u00e5n kundens sida,\nunder installation, anslutning, drift eller f\u00f6rvaring,\ninte utg\u00f6ra ett anspr\u00e5k mot avtalsparten. Det ol\u00e4mpliga och\nDen bristande \u00f6verensst\u00e4mmelsen avg\u00f6rs s\u00e4rskilt av den information som tillhandah\u00e5lls av tillverkaren av\nlevererade varor.<\/li>\n<\/ol>\n<h3 class=\"wp-block-heading\">9 Begr\u00e4nsning av ansvar<\/h3>\n<ol>\n \t<li>F\u00f6r andra krav \u00e4n s\u00e5dana som h\u00e4rr\u00f6r fr\u00e5n skada p\u00e5 liv, lem och h\u00e4lsa\nAvtalsparten \u00e4r endast ansvarig f\u00f6r skador i den m\u00e5n dessa skador beror p\u00e5 upps\u00e5tlig eller\ngrov v\u00e5rdsl\u00f6shet eller upps\u00e5tligt \u00e5sidos\u00e4ttande av en v\u00e4sentlig avtalsf\u00f6rpliktelse.\navtalsf\u00f6rpliktelse av avtalsparten eller dess st\u00e4llf\u00f6retr\u00e4dare. En\nAll ytterligare skadest\u00e5ndsskyldighet \u00e4r utesluten. Den\nBest\u00e4mmelserna i produktansvarslagen p\u00e5verkas inte av detta.<\/li>\n \t<li>Enligt den nuvarande tekniska utvecklingen kan datakommunikation via\nInternet kan inte garanteras vara felfritt och\/eller tillg\u00e4ngligt vid alla tidpunkter. Den\nAvtalspartnern \u00e4r d\u00e4rf\u00f6r inte ansvarig f\u00f6r att webbutiken alltid \u00e4r tillg\u00e4nglig<\/li>\n<\/ol>\n<h3 class=\"wp-block-heading\">10 Dataskydd<\/h3>\nAlla personuppgifter som kr\u00e4vs f\u00f6r att utf\u00f6ra ordern lagras i\nlagras i maskinl\u00e4sbar form och behandlas konfidentiellt. De uppgifter som kr\u00e4vs f\u00f6r behandlingen\nuppgifter som kr\u00e4vs f\u00f6r en best\u00e4llning, t.ex. namn och adress, lagras i\nUtf\u00f6rande av leveransen till den part som f\u00e5tt i uppdrag att leverera varorna\nvidare till bolaget.\n<h3 class=\"wp-block-heading\">11 Ort f\u00f6r jurisdiktion<\/h3>\nDe avtalsslutande parterna \u00e4r \u00f6verens om att nederl\u00e4ndsk lag ska till\u00e4mpas.\nJurisdiktionsort f\u00f6r tvister som uppst\u00e5r i samband med avtalet \u00e4r Amsterdam\n\u00f6verens.\n<h3 class=\"wp-block-heading\">12 Klausul om avskiljbarhet<\/h3>\nOm n\u00e5gon best\u00e4mmelse i dessa allm\u00e4nna villkor \u00e4r eller blir ogiltig eller ogenomf\u00f6rbar,\nska de \u00e5terst\u00e5ende best\u00e4mmelserna i dessa allm\u00e4nna villkor f\u00f6rbli op\u00e5verkade.\n<h3 class=\"wp-block-heading\">13 Upps\u00e4gning av avtalet<\/h3>\nOm en konsument p\u00e5 goda grunder fr\u00e5ntr\u00e4der avtalet, ska en\n\u00c5terbetalning av k\u00f6peskillingen endast steg f\u00f6r steg mot \u00e5terl\u00e4mnande av de varor som levererats av\nvaror som mottagits av k\u00f6paren. Villkoret f\u00f6r detta \u00e4r att varorna m\u00e5ste vara i originalf\u00f6rpackning och\n\u00e4r oskadad och originalfakturan \u00e4r bifogad. N\u00e4r det g\u00e4ller artiklar som \u00e4r\nbrukssp\u00e5r \u00e4r nedsatta eller f\u00f6rpackningen \u00e4r skadad, ska en\nsk\u00e4lig ers\u00e4ttning f\u00f6r v\u00e4rdeminskningen. Kostnaderna f\u00f6r\nReturer sker p\u00e5 k\u00f6parens bekostnad.\nKlarna\nI samarbete med\u00a0<a href=\"https:\/\/www.klarna.com\/de\/\">Klarna Bank AB (publ)<\/a>, Sveav\u00e4gen 46, 111 34 Stockholm,\nI Sverige erbjuder vi f\u00f6ljande betalningsalternativ. Betalning sker i varje enskilt fall\ntill Klarna:\n<ul>\n \t<li>Faktura: Betalningstiden \u00e4r [14] dagar fr\u00e5n avs\u00e4ndandet av varan\/biljetten\/\neller, n\u00e4r det g\u00e4ller andra tj\u00e4nster, tillhandah\u00e5llandet av\nService. De fullst\u00e4ndiga faktureringsvillkoren f\u00f6r l\u00e4nderna i\nd\u00e4r denna betalningsmetod \u00e4r tillg\u00e4nglig kan hittas h\u00e4r: Tyskland, \u00d6sterrike.<\/li>\n \t<li>K\u00f6p p\u00e5 avbetalning: Med Klarnas finansieringstj\u00e4nst kan du betala ditt k\u00f6p p\u00e5 avbetalning.\nfasta eller flexibla m\u00e5natliga delbetalningar till de priser som anges i kassaregistret.\nL\u00f6nevillkor. Delbetalningarna f\u00f6rfaller till betalning i slutet av den m\u00e5nad som f\u00f6ljer p\u00e5\nBetalningen f\u00f6rfaller till betalning n\u00e4r en m\u00e5nadsfaktura skickas av Klarna. Ytterligare information\nf\u00f6r avbetalningsk\u00f6p inklusive Allm\u00e4nna villkor och avtalsvillkor samt\nEuropeisk standardinformation f\u00f6r konsumentkrediter f\u00f6r l\u00e4nderna i\nd\u00e4r denna betalningsmetod \u00e4r tillg\u00e4nglig kan hittas h\u00e4r (endast i de angivna\nl\u00e4nder tillg\u00e4ngliga): Tyskland, \u00d6sterrike.<\/li>\n \t<li>Sofort\u00fcberweisung: Tillg\u00e4nglig i Tyskland, \u00d6sterrike. Belastningen p\u00e5 din\nkonto omedelbart efter att best\u00e4llningen gjorts.<\/li>\n \t<li>Direktdebitering: Beloppet debiteras efter att varorna har skickats. Tiden kommer att vara\nDu kommer att meddelas via e-post. Ytterligare information finns h\u00e4r.<\/li>\n \t<li>Kreditkort (Visa\/Mastercard): Tillg\u00e4ngligt i Tyskland. Debiteringen g\u00f6rs\nefter avs\u00e4ndandet av varorna eller biljetterna\/tillg\u00e4ngligheten av tj\u00e4nsten eller i h\u00e4ndelse av\nav en prenumeration enligt de tider som kommunicerats.<\/li>\n<\/ul>\nF\u00f6r att anv\u00e4nda betalningsmetoderna faktura, avbetalningsk\u00f6p och autogiro kr\u00e4vs ett positivt\nKreditupplysning kr\u00e4vs. I detta avseende vidarebefordrar vi dina uppgifter som en del av k\u00f6pinitieringen\noch behandling av k\u00f6pekontraktet till Klarna f\u00f6r adress- och\nKreditupplysningen forts\u00e4tter. Vi ber om f\u00f6rst\u00e5else f\u00f6r att vi endast kan erbjuda dig de\nerbjuda betalningsmetoder som \u00e4r till\u00e5tna baserat p\u00e5 resultatet av kreditpr\u00f6vningen.\n\u00e4r. Mer information och Klarnas anv\u00e4ndarvillkor finns h\u00e4r.\nAllm\u00e4n information om Klarna hittar du h\u00e4r. Dina personuppgifter kommer att\nav Klarna i enlighet med till\u00e4mpliga dataskyddsbest\u00e4mmelser och\nbehandlas i enlighet med informationen i Klarnas integritetspolicy.\t\t\t\t\t\t<\/div>\n\t\t\t\t<\/div>\n\t\t\t\t\t<\/div>\n\t\t\t\t<\/div>\n\t\t\t\t<\/div>\n\t\t","protected":false},"excerpt":{"rendered":"<p>Villkor och anvisningar 1 Avtalspartner FitSmart B.V.Stadhouderskade 51054 ES AmsterdamThe Netherlands Anropade avtalspart i f\u00f6ljande text. 2 Allm\u00e4nt, till\u00e4mpningsomr\u00e5de Alla tj\u00e4nster som tillhandah\u00e5lls av avtalspartnern f\u00f6r kunden ska utf\u00f6ras uteslutande p\u00e5 grundval av f\u00f6ljande allm\u00e4nna villkor. Avvikande best\u00e4mmelser g\u00e4ller endast i den m\u00e5n de har avtalats mellan avtalspartnern och kunden eller uttryckligen anges i dessa [&hellip;]<\/p>\n","protected":false},"author":1,"featured_media":0,"parent":0,"menu_order":0,"comment_status":"closed","ping_status":"closed","template":"elementor_header_footer","meta":{"_acf_changed":false,"bwfblock_default_font":"","footnotes":""},"class_list":["post-3684","page","type-page","status-publish","hentry"],"acf":[],"_links":{"self":[{"href":"https:\/\/glucofit.co\/sv\/wp-json\/wp\/v2\/pages\/3684"}],"collection":[{"href":"https:\/\/glucofit.co\/sv\/wp-json\/wp\/v2\/pages"}],"about":[{"href":"https:\/\/glucofit.co\/sv\/wp-json\/wp\/v2\/types\/page"}],"author":[{"embeddable":true,"href":"https:\/\/glucofit.co\/sv\/wp-json\/wp\/v2\/users\/1"}],"replies":[{"embeddable":true,"href":"https:\/\/glucofit.co\/sv\/wp-json\/wp\/v2\/comments?post=3684"}],"version-history":[{"count":8,"href":"https:\/\/glucofit.co\/sv\/wp-json\/wp\/v2\/pages\/3684\/revisions"}],"predecessor-version":[{"id":1059801,"href":"https:\/\/glucofit.co\/sv\/wp-json\/wp\/v2\/pages\/3684\/revisions\/1059801"}],"wp:attachment":[{"href":"https:\/\/glucofit.co\/sv\/wp-json\/wp\/v2\/media?parent=3684"}],"curies":[{"name":"wp","href":"https:\/\/api.w.org\/{rel}","templated":true}]}}