{"id":1752,"date":"2024-02-26T09:44:57","date_gmt":"2024-02-26T09:44:57","guid":{"rendered":"https:\/\/glucofit.co\/ingredienten\/"},"modified":"2025-02-01T15:47:58","modified_gmt":"2025-02-01T15:47:58","slug":"ingredienten","status":"publish","type":"page","link":"https:\/\/glucofit.co\/nl\/ingredienten\/","title":{"rendered":"Ingredi\u00ebnten"},"content":{"rendered":"\t\t<div data-elementor-type=\"wp-page\" data-elementor-id=\"1752\" class=\"elementor elementor-1752 elementor-1127\" data-elementor-post-type=\"page\">\n\t\t\t\t<div class=\"elementor-element elementor-element-f3c407e innertop-banner-sctn e-con-full e-flex e-con e-parent\" data-id=\"f3c407e\" data-element_type=\"container\" data-settings=\"{&quot;background_background&quot;:&quot;gradient&quot;}\">\n\t\t<div class=\"elementor-element elementor-element-8b3c007 e-flex e-con-boxed e-con e-child\" data-id=\"8b3c007\" data-element_type=\"container\">\n\t\t\t\t\t<div class=\"e-con-inner\">\n\t\t\t\t<div class=\"elementor-element elementor-element-88eab1e elementor-widget elementor-widget-heading\" data-id=\"88eab1e\" data-element_type=\"widget\" data-widget_type=\"heading.default\">\n\t\t\t\t<div class=\"elementor-widget-container\">\n\t\t\t<h1 class=\"elementor-heading-title elementor-size-default\">Ingredi\u00ebnten<\/h1>\t\t<\/div>\n\t\t\t\t<\/div>\n\t\t\t\t\t<\/div>\n\t\t\t\t<\/div>\n\t\t\t\t<\/div>\n\t\t<div class=\"elementor-element elementor-element-7fc6b1b e-flex e-con-boxed e-con e-parent\" data-id=\"7fc6b1b\" data-element_type=\"container\" data-settings=\"{&quot;background_background&quot;:&quot;classic&quot;}\">\n\t\t\t\t\t<div class=\"e-con-inner\">\n\t\t<div class=\"elementor-element elementor-element-c8f1cd6 e-con-full e-flex e-con e-child\" data-id=\"c8f1cd6\" data-element_type=\"container\">\n\t\t\t\t<div class=\"elementor-element elementor-element-7a54fd9 elementor-widget elementor-widget-heading\" data-id=\"7a54fd9\" data-element_type=\"widget\" data-widget_type=\"heading.default\">\n\t\t\t\t<div class=\"elementor-widget-container\">\n\t\t\t<h2 class=\"elementor-heading-title elementor-size-default\">Ingredi\u00ebnten<\/h2>\t\t<\/div>\n\t\t\t\t<\/div>\n\t\t\t\t<div class=\"elementor-element elementor-element-e86842b elementor-widget-divider--view-line elementor-widget elementor-widget-divider\" data-id=\"e86842b\" data-element_type=\"widget\" data-widget_type=\"divider.default\">\n\t\t\t\t<div class=\"elementor-widget-container\">\n\t\t\t\t\t<div class=\"elementor-divider\">\n\t\t\t<span class=\"elementor-divider-separator\">\n\t\t\t\t\t\t<\/span>\n\t\t<\/div>\n\t\t\t\t<\/div>\n\t\t\t\t<\/div>\n\t\t\t\t<div class=\"elementor-element elementor-element-29010d7 ingred-table elementor-widget elementor-widget-text-editor\" data-id=\"29010d7\" data-element_type=\"widget\" data-widget_type=\"text-editor.default\">\n\t\t\t\t<div class=\"elementor-widget-container\">\n\t\t\t\t\t\t\t<div class=\"table\">\n<table>\n<thead>\n<tr>\n<th>Ingredi\u00ebnt &#8211; 1 tablet<\/th>\n<th> <\/th>\n<th>% NRV*<\/th>\n<\/tr>\n<\/thead>\n<tbody>\n<tr>\n<td>Calcium<\/td>\n<td>360 mg<\/td>\n<td>45 %<\/td>\n<\/tr>\n<tr>\n<td>Magnesium<\/td>\n<td>80 mg<\/td>\n<td>21.3 %<\/td>\n<\/tr>\n<tr>\n<td>Kaneel-extract 4:1<\/td>\n<td>30 mg<\/td>\n<td>**<\/td>\n<\/tr>\n<tr>\n<td>Berberine 4:1<\/td>\n<td>30 mg<\/td>\n<td>**<\/td>\n<\/tr>\n<tr>\n<td>Vitamine E<\/td>\n<td>15 mg \u03b1-TE<\/td>\n<td>125 %<\/td>\n<\/tr>\n<tr>\n<td>Extract van rode gist rijst 4:1<\/td>\n<td>30 mg<\/td>\n<td>**<\/td>\n<\/tr>\n<tr>\n<td>Vitamine B3<\/td>\n<td>18 mg<\/td>\n<td>56.1 %<\/td>\n<\/tr>\n<tr>\n<td>Fenegriek-extract 20:1<\/td>\n<td>10 mg<\/td>\n<td>**<\/td>\n<\/tr>\n<tr>\n<td>Vitamine D3<\/td>\n<td>1000 IE, 25 \u03bcg<\/td>\n<td>500 %<\/td>\n<\/tr>\n<tr>\n<td>Chroom<\/td>\n<td>200 mcg<\/td>\n<td>500 %<\/td>\n<\/tr>\n<tr>\n<td>Biotine (vitamine B7)<\/td>\n<td>300 mcg<\/td>\n<td>600 %<\/td>\n<\/tr>\n<tr>\n<td>Selenium<\/td>\n<td>50 ug<\/td>\n<td>91 %<\/td>\n<\/tr>\n<\/tbody>\n<\/table>\n<\/div>\n\t\t\t\t\t\t<\/div>\n\t\t\t\t<\/div>\n\t\t\t\t<div class=\"elementor-element elementor-element-349c41e elementor-widget elementor-widget-text-editor\" data-id=\"349c41e\" data-element_type=\"widget\" data-widget_type=\"text-editor.default\">\n\t\t\t\t<div class=\"elementor-widget-container\">\n\t\t\t\t\t\t\t<p>* Percentage van referentiewaarde<br>** Geen aanbeveling beschikbaar<br>Gebruik: Volwassenen 1 tablet per dag in te nemen met voedsel.<\/p>\t\t\t\t\t\t<\/div>\n\t\t\t\t<\/div>\n\t\t\t\t<div class=\"elementor-element elementor-element-1b07080 elementor-align-left elementor-hidden-phone cstm-btn elementor-widget elementor-widget-button\" data-id=\"1b07080\" data-element_type=\"widget\" data-widget_type=\"button.default\">\n\t\t\t\t<div class=\"elementor-widget-container\">\n\t\t\t\t\t<div class=\"elementor-button-wrapper\">\n\t\t\t<a class=\"elementor-button elementor-button-link elementor-size-md\" href=\"https:\/\/glucofit.co\/nl\/checkout\/\">\n\t\t\t\t\t\t<span class=\"elementor-button-content-wrapper\">\n\t\t\t\t\t\t<span class=\"elementor-button-icon\">\n\t\t\t\t<svg aria-hidden=\"true\" class=\"e-font-icon-svg e-fas-long-arrow-alt-right\" viewBox=\"0 0 448 512\" xmlns=\"http:\/\/www.w3.org\/2000\/svg\"><path d=\"M313.941 216H12c-6.627 0-12 5.373-12 12v56c0 6.627 5.373 12 12 12h301.941v46.059c0 21.382 25.851 32.09 40.971 16.971l86.059-86.059c9.373-9.373 9.373-24.569 0-33.941l-86.059-86.059c-15.119-15.119-40.971-4.411-40.971 16.971V216z\"><\/path><\/svg>\t\t\t<\/span>\n\t\t\t\t\t\t\t\t\t<span class=\"elementor-button-text\">Nu kopen<\/span>\n\t\t\t\t\t<\/span>\n\t\t\t\t\t<\/a>\n\t\t<\/div>\n\t\t\t\t<\/div>\n\t\t\t\t<\/div>\n\t\t\t\t<\/div>\n\t\t<div class=\"elementor-element elementor-element-6d7c508 e-con-full e-flex e-con e-child\" data-id=\"6d7c508\" data-element_type=\"container\">\n\t\t\t\t<div class=\"elementor-element elementor-element-160a46c elementor-widget elementor-widget-image\" data-id=\"160a46c\" data-element_type=\"widget\" data-widget_type=\"image.default\">\n\t\t\t\t<div class=\"elementor-widget-container\">\n\t\t\t\t\t\t\t\t\t\t\t\t\t<img fetchpriority=\"high\" decoding=\"async\" width=\"269\" height=\"520\" src=\"https:\/\/glucofit.co\/wp-content\/uploads\/2025\/02\/glucofit_product-1.webp\" class=\"attachment-large size-large wp-image-1039465\" alt=\"\" srcset=\"https:\/\/glucofit.co\/wp-content\/uploads\/2025\/02\/glucofit_product-1.webp 269w, https:\/\/glucofit.co\/wp-content\/uploads\/2025\/02\/glucofit_product-1-155x300.webp 155w\" sizes=\"(max-width: 269px) 100vw, 269px\" \/>\t\t\t\t\t\t\t\t\t\t\t\t\t<\/div>\n\t\t\t\t<\/div>\n\t\t\t\t<\/div>\n\t\t\t\t\t<\/div>\n\t\t\t\t<\/div>\n\t\t<div class=\"elementor-element elementor-element-7f20956 e-flex e-con-boxed e-con e-parent\" data-id=\"7f20956\" data-element_type=\"container\" data-settings=\"{&quot;background_background&quot;:&quot;classic&quot;}\">\n\t\t\t\t\t<div class=\"e-con-inner\">\n\t\t<div class=\"elementor-element elementor-element-4086598 e-flex e-con-boxed e-con e-child\" data-id=\"4086598\" data-element_type=\"container\">\n\t\t\t\t\t<div class=\"e-con-inner\">\n\t\t\t\t<div class=\"elementor-element elementor-element-7f6c5e8 elementor-widget elementor-widget-text-editor\" data-id=\"7f6c5e8\" data-element_type=\"widget\" data-widget_type=\"text-editor.default\">\n\t\t\t\t<div class=\"elementor-widget-container\">\n\t\t\t\t\t\t\t<p>Individuele resultaten kunnen vari\u00ebren en er wordt niet beweerd dat testimonials typische resultaten weerspiegelen. Alle getuigenissen zijn afkomstig van echte deelnemers en weerspiegelen mogelijk niet de ervaring van de gemiddelde koper en zijn niet bedoeld om te vertegenwoordigen of te garanderen dat iemand dezelfde of vergelijkbare resultaten zal behalen.<\/p>\n\t\t\t\t\t\t<\/div>\n\t\t\t\t<\/div>\n\t\t\t\t<div class=\"elementor-element elementor-element-d941c1c elementor-widget elementor-widget-text-editor\" data-id=\"d941c1c\" data-element_type=\"widget\" data-widget_type=\"text-editor.default\">\n\t\t\t\t<div class=\"elementor-widget-container\">\n\t\t\t\t\t\t\t<p>Iedereen heeft unieke ervaringen, trainingsgewoonten, eetgewoonten en past de informatie anders toe. Dit is geen vervanging voor medisch advies. Raadpleeg een arts voordat je met een sport- of dieetprogramma begint.<\/p>\n\t\t\t\t\t\t<\/div>\n\t\t\t\t<\/div>\n\t\t\t\t<div class=\"elementor-element elementor-element-d916c93 elementor-widget elementor-widget-text-editor\" data-id=\"d916c93\" data-element_type=\"widget\" data-widget_type=\"text-editor.default\">\n\t\t\t\t<div class=\"elementor-widget-container\">\n\t\t\t\t\t\t\t<p>Het wordt aanbevolen om voor gebruik je arts of apotheker te raadplegen. Bewaren op een plaats die ontoegankelijk is voor kinderen! De aanbevolen dagelijkse dosis niet overschrijden! Bewaren in de originele verpakking, op een droge plaats, bij kamertemperatuur! Gebruik het voedingssupplement niet als vervanging voor een gezonde en evenwichtige voeding! Voor zwangere vrouwen en moeders die borstvoeding geven, alleen gebruiken na overleg met een arts.<\/p>\n\t\t\t\t\t\t<\/div>\n\t\t\t\t<\/div>\n\t\t\t\t\t<\/div>\n\t\t\t\t<\/div>\n\t\t\t\t\t<\/div>\n\t\t\t\t<\/div>\n\t\t\t\t<\/div>\n\t\t","protected":false},"excerpt":{"rendered":"<p>Ingredi\u00ebnten Ingredi\u00ebnten Ingredi\u00ebnt &#8211; 1 tablet % NRV* Calcium 360 mg 45 % Magnesium 80 mg 21.3 % Kaneel-extract 4:1 30 mg ** Berberine 4:1 30 mg ** Vitamine E 15 mg \u03b1-TE 125 % Extract van rode gist rijst 4:1 30 mg ** Vitamine B3 18 mg 56.1 % Fenegriek-extract 20:1 10 mg ** [&hellip;]<\/p>\n","protected":false},"author":1,"featured_media":0,"parent":0,"menu_order":0,"comment_status":"closed","ping_status":"closed","template":"elementor_header_footer","meta":{"_acf_changed":false,"bwfblock_default_font":"","footnotes":""},"class_list":["post-1752","page","type-page","status-publish","hentry"],"acf":[],"_links":{"self":[{"href":"https:\/\/glucofit.co\/nl\/wp-json\/wp\/v2\/pages\/1752"}],"collection":[{"href":"https:\/\/glucofit.co\/nl\/wp-json\/wp\/v2\/pages"}],"about":[{"href":"https:\/\/glucofit.co\/nl\/wp-json\/wp\/v2\/types\/page"}],"author":[{"embeddable":true,"href":"https:\/\/glucofit.co\/nl\/wp-json\/wp\/v2\/users\/1"}],"replies":[{"embeddable":true,"href":"https:\/\/glucofit.co\/nl\/wp-json\/wp\/v2\/comments?post=1752"}],"version-history":[{"count":28,"href":"https:\/\/glucofit.co\/nl\/wp-json\/wp\/v2\/pages\/1752\/revisions"}],"predecessor-version":[{"id":1039530,"href":"https:\/\/glucofit.co\/nl\/wp-json\/wp\/v2\/pages\/1752\/revisions\/1039530"}],"wp:attachment":[{"href":"https:\/\/glucofit.co\/nl\/wp-json\/wp\/v2\/media?parent=1752"}],"curies":[{"name":"wp","href":"https:\/\/api.w.org\/{rel}","templated":true}]}}