{"id":1756,"date":"2024-02-26T09:44:57","date_gmt":"2024-02-26T09:44:57","guid":{"rendered":"https:\/\/glucofit.co\/ingredients\/"},"modified":"2025-02-01T15:48:31","modified_gmt":"2025-02-01T15:48:31","slug":"ingredients","status":"publish","type":"page","link":"https:\/\/glucofit.co\/fr\/ingredients\/","title":{"rendered":"Ingr\u00e9dients"},"content":{"rendered":"\t\t<div data-elementor-type=\"wp-page\" data-elementor-id=\"1756\" class=\"elementor elementor-1756 elementor-1127\" data-elementor-post-type=\"page\">\n\t\t\t\t<div class=\"elementor-element elementor-element-f3c407e innertop-banner-sctn e-con-full e-flex e-con e-parent\" data-id=\"f3c407e\" data-element_type=\"container\" data-settings=\"{&quot;background_background&quot;:&quot;gradient&quot;}\">\n\t\t<div class=\"elementor-element elementor-element-8b3c007 e-flex e-con-boxed e-con e-child\" data-id=\"8b3c007\" data-element_type=\"container\">\n\t\t\t\t\t<div class=\"e-con-inner\">\n\t\t\t\t<div class=\"elementor-element elementor-element-88eab1e elementor-widget elementor-widget-heading\" data-id=\"88eab1e\" data-element_type=\"widget\" data-widget_type=\"heading.default\">\n\t\t\t\t<div class=\"elementor-widget-container\">\n\t\t\t<h1 class=\"elementor-heading-title elementor-size-default\">Ingr\u00e9dients<\/h1>\t\t<\/div>\n\t\t\t\t<\/div>\n\t\t\t\t\t<\/div>\n\t\t\t\t<\/div>\n\t\t\t\t<\/div>\n\t\t<div class=\"elementor-element elementor-element-7fc6b1b e-flex e-con-boxed e-con e-parent\" data-id=\"7fc6b1b\" data-element_type=\"container\" data-settings=\"{&quot;background_background&quot;:&quot;classic&quot;}\">\n\t\t\t\t\t<div class=\"e-con-inner\">\n\t\t<div class=\"elementor-element elementor-element-c8f1cd6 e-con-full e-flex e-con e-child\" data-id=\"c8f1cd6\" data-element_type=\"container\">\n\t\t\t\t<div class=\"elementor-element elementor-element-7a54fd9 elementor-widget elementor-widget-heading\" data-id=\"7a54fd9\" data-element_type=\"widget\" data-widget_type=\"heading.default\">\n\t\t\t\t<div class=\"elementor-widget-container\">\n\t\t\t<h2 class=\"elementor-heading-title elementor-size-default\">Ingr\u00e9dients<\/h2>\t\t<\/div>\n\t\t\t\t<\/div>\n\t\t\t\t<div class=\"elementor-element elementor-element-e86842b elementor-widget-divider--view-line elementor-widget elementor-widget-divider\" data-id=\"e86842b\" data-element_type=\"widget\" data-widget_type=\"divider.default\">\n\t\t\t\t<div class=\"elementor-widget-container\">\n\t\t\t\t\t<div class=\"elementor-divider\">\n\t\t\t<span class=\"elementor-divider-separator\">\n\t\t\t\t\t\t<\/span>\n\t\t<\/div>\n\t\t\t\t<\/div>\n\t\t\t\t<\/div>\n\t\t\t\t<div class=\"elementor-element elementor-element-29010d7 ingred-table elementor-widget elementor-widget-text-editor\" data-id=\"29010d7\" data-element_type=\"widget\" data-widget_type=\"text-editor.default\">\n\t\t\t\t<div class=\"elementor-widget-container\">\n\t\t\t\t\t\t\t<div class=\"table\">\n<table>\n<thead>\n<tr>\n<th>Ingr\u00e9dient &#8211; 1 comprim\u00e9<\/th>\n<th> <\/th>\n<th>% VNR*<\/th>\n<\/tr>\n<\/thead>\n<tbody>\n<tr>\n<td>Calcium<\/td>\n<td>360 mg<\/td>\n<td>45 %<\/td>\n<\/tr>\n<tr>\n<td>Magn\u00e9sium<\/td>\n<td>80 mg<\/td>\n<td>21.3 %<\/td>\n<\/tr>\n<tr>\n<td>Extrait de cannelle 4:1<\/td>\n<td>30 mg<\/td>\n<td>**<\/td>\n<\/tr>\n<tr>\n<td>Berb\u00e9rine 4:1<\/td>\n<td>30 mg<\/td>\n<td>**<\/td>\n<\/tr>\n<tr>\n<td>Vitamine E<\/td>\n<td>15 mg \u03b1-TE<\/td>\n<td>125 %<\/td>\n<\/tr>\n<tr>\n<td>Extrait de levure de riz rouge 4:1<\/td>\n<td>30 mg<\/td>\n<td>**<\/td>\n<\/tr>\n<tr>\n<td>Vitamine B3<\/td>\n<td>18 mg<\/td>\n<td>56.1 %<\/td>\n<\/tr>\n<tr>\n<td>Extrait de fenugrec 20:1<\/td>\n<td>10 mg<\/td>\n<td>**<\/td>\n<\/tr>\n<tr>\n<td>Vitamine D3<\/td>\n<td>1000 UI, 25 \u03bcg<\/td>\n<td>500 %<\/td>\n<\/tr>\n<tr>\n<td>Chrome<\/td>\n<td>200 mcg<\/td>\n<td>500 %<\/td>\n<\/tr>\n<tr>\n<td>Biotine (Vitamine B7)<\/td>\n<td>300 mcg<\/td>\n<td>600 %<\/td>\n<\/tr>\n<tr>\n<td>S\u00e9l\u00e9nium<\/td>\n<td>50 ug<\/td>\n<td>91 %<\/td>\n<\/tr>\n<\/tbody>\n<\/table>\n<\/div>\n\t\t\t\t\t\t<\/div>\n\t\t\t\t<\/div>\n\t\t\t\t<div class=\"elementor-element elementor-element-349c41e elementor-widget elementor-widget-text-editor\" data-id=\"349c41e\" data-element_type=\"widget\" data-widget_type=\"text-editor.default\">\n\t\t\t\t<div class=\"elementor-widget-container\">\n\t\t\t\t\t\t\t<p>* Pourcentage de la valeur de r\u00e9f\u00e9rence<br>** Pas de recommandation disponible<br>Utilisation : Adultes 1 comprim\u00e9 par jour \u00e0 prendre avec de la nourriture.<\/p>\t\t\t\t\t\t<\/div>\n\t\t\t\t<\/div>\n\t\t\t\t<div class=\"elementor-element elementor-element-1b07080 elementor-align-left elementor-hidden-phone cstm-btn elementor-widget elementor-widget-button\" data-id=\"1b07080\" data-element_type=\"widget\" data-widget_type=\"button.default\">\n\t\t\t\t<div class=\"elementor-widget-container\">\n\t\t\t\t\t<div class=\"elementor-button-wrapper\">\n\t\t\t<a class=\"elementor-button elementor-button-link elementor-size-md\" href=\"https:\/\/glucofit.co\/fr\/checkout\/\">\n\t\t\t\t\t\t<span class=\"elementor-button-content-wrapper\">\n\t\t\t\t\t\t<span class=\"elementor-button-icon\">\n\t\t\t\t<svg aria-hidden=\"true\" class=\"e-font-icon-svg e-fas-long-arrow-alt-right\" viewBox=\"0 0 448 512\" xmlns=\"http:\/\/www.w3.org\/2000\/svg\"><path d=\"M313.941 216H12c-6.627 0-12 5.373-12 12v56c0 6.627 5.373 12 12 12h301.941v46.059c0 21.382 25.851 32.09 40.971 16.971l86.059-86.059c9.373-9.373 9.373-24.569 0-33.941l-86.059-86.059c-15.119-15.119-40.971-4.411-40.971 16.971V216z\"><\/path><\/svg>\t\t\t<\/span>\n\t\t\t\t\t\t\t\t\t<span class=\"elementor-button-text\">Acheter<\/span>\n\t\t\t\t\t<\/span>\n\t\t\t\t\t<\/a>\n\t\t<\/div>\n\t\t\t\t<\/div>\n\t\t\t\t<\/div>\n\t\t\t\t<\/div>\n\t\t<div class=\"elementor-element elementor-element-6d7c508 e-con-full e-flex e-con e-child\" data-id=\"6d7c508\" data-element_type=\"container\">\n\t\t\t\t<div class=\"elementor-element elementor-element-160a46c elementor-widget elementor-widget-image\" data-id=\"160a46c\" data-element_type=\"widget\" data-widget_type=\"image.default\">\n\t\t\t\t<div class=\"elementor-widget-container\">\n\t\t\t\t\t\t\t\t\t\t\t\t\t<img fetchpriority=\"high\" decoding=\"async\" width=\"269\" height=\"520\" src=\"https:\/\/glucofit.co\/wp-content\/uploads\/2025\/02\/glucofit_product-1.webp\" class=\"attachment-large size-large wp-image-1039467\" alt=\"\" srcset=\"https:\/\/glucofit.co\/wp-content\/uploads\/2025\/02\/glucofit_product-1.webp 269w, https:\/\/glucofit.co\/wp-content\/uploads\/2025\/02\/glucofit_product-1-155x300.webp 155w\" sizes=\"(max-width: 269px) 100vw, 269px\" \/>\t\t\t\t\t\t\t\t\t\t\t\t\t<\/div>\n\t\t\t\t<\/div>\n\t\t\t\t<\/div>\n\t\t\t\t\t<\/div>\n\t\t\t\t<\/div>\n\t\t<div class=\"elementor-element elementor-element-7f20956 e-flex e-con-boxed e-con e-parent\" data-id=\"7f20956\" data-element_type=\"container\" data-settings=\"{&quot;background_background&quot;:&quot;classic&quot;}\">\n\t\t\t\t\t<div class=\"e-con-inner\">\n\t\t<div class=\"elementor-element elementor-element-4086598 e-flex e-con-boxed e-con e-child\" data-id=\"4086598\" data-element_type=\"container\">\n\t\t\t\t\t<div class=\"e-con-inner\">\n\t\t\t\t<div class=\"elementor-element elementor-element-7f6c5e8 elementor-widget elementor-widget-text-editor\" data-id=\"7f6c5e8\" data-element_type=\"widget\" data-widget_type=\"text-editor.default\">\n\t\t\t\t<div class=\"elementor-widget-container\">\n\t\t\t\t\t\t\t<p>Les r\u00e9sultats individuels peuvent varier et nous ne pr\u00e9tendons pas que les t\u00e9moignages refl\u00e8tent des r\u00e9sultats typiques. Tous les t\u00e9moignages proviennent de participants r\u00e9els et peuvent ne pas refl\u00e9ter l&rsquo;exp\u00e9rience de l&rsquo;acheteur type. Ils n&rsquo;ont pas pour but de repr\u00e9senter ou de garantir que quiconque obtiendra les m\u00eames r\u00e9sultats ou des r\u00e9sultats similaires.<\/p>\n\t\t\t\t\t\t<\/div>\n\t\t\t\t<\/div>\n\t\t\t\t<div class=\"elementor-element elementor-element-d941c1c elementor-widget elementor-widget-text-editor\" data-id=\"d941c1c\" data-element_type=\"widget\" data-widget_type=\"text-editor.default\">\n\t\t\t\t<div class=\"elementor-widget-container\">\n\t\t\t\t\t\t\t<p>Chaque personne a des exp\u00e9riences, des habitudes d&rsquo;entra\u00eenement et des habitudes alimentaires qui lui sont propres et applique les informations diff\u00e9remment. Ce document ne remplace pas un avis m\u00e9dical. Consultez un m\u00e9decin avant de commencer un programme d&rsquo;exercice ou de r\u00e9gime.<\/p>\n\t\t\t\t\t\t<\/div>\n\t\t\t\t<\/div>\n\t\t\t\t<div class=\"elementor-element elementor-element-d916c93 elementor-widget elementor-widget-text-editor\" data-id=\"d916c93\" data-element_type=\"widget\" data-widget_type=\"text-editor.default\">\n\t\t\t\t<div class=\"elementor-widget-container\">\n\t\t\t\t\t\t\t<p>Il est recommand\u00e9 de consulter votre m\u00e9decin ou votre pharmacien avant de l&rsquo;utiliser. Conserver dans un endroit inaccessible aux enfants ! Ne d\u00e9passez pas la dose journali\u00e8re recommand\u00e9e ! Conserver dans l&#8217;emballage d&rsquo;origine, dans un endroit sec, \u00e0 temp\u00e9rature ambiante ! N&rsquo;utilisez pas le compl\u00e9ment alimentaire comme substitut d&rsquo;un r\u00e9gime alimentaire sain et \u00e9quilibr\u00e9 ! Pour les femmes enceintes et les m\u00e8res allaitantes, n&rsquo;utilisez ce produit qu&rsquo;apr\u00e8s avoir consult\u00e9 un m\u00e9decin.<\/p>\n\t\t\t\t\t\t<\/div>\n\t\t\t\t<\/div>\n\t\t\t\t\t<\/div>\n\t\t\t\t<\/div>\n\t\t\t\t\t<\/div>\n\t\t\t\t<\/div>\n\t\t\t\t<\/div>\n\t\t","protected":false},"excerpt":{"rendered":"<p>Ingr\u00e9dients Ingr\u00e9dients Ingr\u00e9dient &#8211; 1 comprim\u00e9 % VNR* Calcium 360 mg 45 % Magn\u00e9sium 80 mg 21.3 % Extrait de cannelle 4:1 30 mg ** Berb\u00e9rine 4:1 30 mg ** Vitamine E 15 mg \u03b1-TE 125 % Extrait de levure de riz rouge 4:1 30 mg ** Vitamine B3 18 mg 56.1 % Extrait de [&hellip;]<\/p>\n","protected":false},"author":1,"featured_media":0,"parent":0,"menu_order":0,"comment_status":"closed","ping_status":"closed","template":"elementor_header_footer","meta":{"_acf_changed":false,"bwfblock_default_font":"","footnotes":""},"class_list":["post-1756","page","type-page","status-publish","hentry"],"acf":[],"_links":{"self":[{"href":"https:\/\/glucofit.co\/fr\/wp-json\/wp\/v2\/pages\/1756"}],"collection":[{"href":"https:\/\/glucofit.co\/fr\/wp-json\/wp\/v2\/pages"}],"about":[{"href":"https:\/\/glucofit.co\/fr\/wp-json\/wp\/v2\/types\/page"}],"author":[{"embeddable":true,"href":"https:\/\/glucofit.co\/fr\/wp-json\/wp\/v2\/users\/1"}],"replies":[{"embeddable":true,"href":"https:\/\/glucofit.co\/fr\/wp-json\/wp\/v2\/comments?post=1756"}],"version-history":[{"count":28,"href":"https:\/\/glucofit.co\/fr\/wp-json\/wp\/v2\/pages\/1756\/revisions"}],"predecessor-version":[{"id":1039533,"href":"https:\/\/glucofit.co\/fr\/wp-json\/wp\/v2\/pages\/1756\/revisions\/1039533"}],"wp:attachment":[{"href":"https:\/\/glucofit.co\/fr\/wp-json\/wp\/v2\/media?parent=1756"}],"curies":[{"name":"wp","href":"https:\/\/api.w.org\/{rel}","templated":true}]}}