{"id":3680,"date":"2024-04-23T09:21:59","date_gmt":"2024-04-23T09:21:59","guid":{"rendered":"https:\/\/glucofit.co\/ehdot-ja-edellytykset\/"},"modified":"2026-01-09T09:49:50","modified_gmt":"2026-01-09T09:49:50","slug":"ehdot-ja-edellytykset","status":"publish","type":"page","link":"https:\/\/glucofit.co\/fi\/ehdot-ja-edellytykset\/","title":{"rendered":"Ehdot ja edellytykset"},"content":{"rendered":"\t\t<div data-elementor-type=\"wp-page\" data-elementor-id=\"3680\" class=\"elementor elementor-3680 elementor-1879\" data-elementor-post-type=\"page\">\n\t\t\t\t<div class=\"elementor-element elementor-element-1d9106c1 e-con-full e-flex e-con e-parent\" data-id=\"1d9106c1\" data-element_type=\"container\">\n\t\t<div class=\"elementor-element elementor-element-7a7a0e2 innertop-banner-sctn e-flex e-con-boxed e-con e-child\" data-id=\"7a7a0e2\" data-element_type=\"container\" data-settings=\"{&quot;background_background&quot;:&quot;gradient&quot;}\">\n\t\t\t\t\t<div class=\"e-con-inner\">\n\t\t<div class=\"elementor-element elementor-element-e0a7e8b e-con-full e-flex e-con e-child\" data-id=\"e0a7e8b\" data-element_type=\"container\">\n\t\t\t\t<div class=\"elementor-element elementor-element-8ec0b82 elementor-widget elementor-widget-heading\" data-id=\"8ec0b82\" data-element_type=\"widget\" data-widget_type=\"heading.default\">\n\t\t\t\t<div class=\"elementor-widget-container\">\n\t\t\t<h1 class=\"elementor-heading-title elementor-size-default\">Ehdot ja edellytykset<\/h1>\t\t<\/div>\n\t\t\t\t<\/div>\n\t\t\t\t<\/div>\n\t\t\t\t\t<\/div>\n\t\t\t\t<\/div>\n\t\t\t\t<\/div>\n\t\t<div class=\"elementor-element elementor-element-15bf3a4 e-flex e-con-boxed e-con e-parent\" data-id=\"15bf3a4\" data-element_type=\"container\">\n\t\t\t\t\t<div class=\"e-con-inner\">\n\t\t\t\t<div class=\"elementor-element elementor-element-b43dbf0 gernal-content elementor-widget elementor-widget-text-editor\" data-id=\"b43dbf0\" data-element_type=\"widget\" data-widget_type=\"text-editor.default\">\n\t\t\t\t<div class=\"elementor-widget-container\">\n\t\t\t\t\t\t\t<h3 class=\"wp-block-heading\">1 Sopimuskumppani<\/h3>\n<p data-prosemirror-content-type=\"node\" data-prosemirror-node-name=\"paragraph\" data-prosemirror-node-block=\"true\" data-pm-slice=\"1 1 []\">FitSmart B.V.<br data-prosemirror-content-type=\"node\" data-prosemirror-node-name=\"hardBreak\" data-prosemirror-node-inline=\"true\" \/>Stadhouderskade 5<br data-prosemirror-content-type=\"node\" data-prosemirror-node-name=\"hardBreak\" data-prosemirror-node-inline=\"true\" \/>1054 ES Amsterdam<br data-prosemirror-content-type=\"node\" data-prosemirror-node-name=\"hardBreak\" data-prosemirror-node-inline=\"true\" \/>The Netherlands<\/p>\nSeuraavassa tekstiss\u00e4 kutsutaan sopimuskumppaniksi.\n<h3 class=\"wp-block-heading\">2 Yleist\u00e4, soveltamisala<\/h3>\nKaikki sopimuskumppanin asiakkaalle tarjoamat palvelut on suoritettava seuraavasti.\nyksinomaan seuraavien yleisten sopimusehtojen perusteella. Poikkeavia m\u00e4\u00e4r\u00e4yksi\u00e4 sovelletaan vain silt\u00e4 osin kuin niist\u00e4 on sovittu sopimuskumppanin ja asiakkaan v\u00e4lill\u00e4 tai ne on nimenomaisesti mainittu n\u00e4iss\u00e4 yleisiss\u00e4 sopimusehdoissa.\n<h3 class=\"wp-block-heading\">3 Maksu, er\u00e4p\u00e4iv\u00e4, maksun laiminly\u00f6nti<\/h3>\n<ol>\n \t<li>Tavarat voidaan maksaa luottokortilla tai PayPalilla,\nV\u00e4lit\u00f6n pankkisiirto tai tilille. Sopimuskumppani pid\u00e4tt\u00e4\u00e4 oikeuden\nhyv\u00e4ksy\u00e4 tai sulkea pois tietyt maksutavat yksitt\u00e4istapauksissa.<\/li>\n \t<li>Kun asiakas maksaa Paypalilla, h\u00e4n sitoutuu maksamaan ostohinnan sen j\u00e4lkeen kun\nsopimuksen tekeminen viipym\u00e4tt\u00e4.<\/li>\n \t<li>Jos asiakas laiminly\u00f6 maksun, h\u00e4nell\u00e4 on oikeus saada kaikki mahdolliset\nhuolimattomuus. H\u00e4n on my\u00f6s vastuussa palvelusta johtuvasta sattumasta, paitsi jos,\nett\u00e4 vahinko olisi tapahtunut, vaikka maksu olisi suoritettu ajallaan.<\/li>\n \t<li>Kauppahinnalle on maksettava viiv\u00e4styskorot. Oletuskorko on\nviisi prosenttiyksikk\u00f6\u00e4 yli vuoden peruskoron. Oikeudelliset toimet, jotka koskevat\njossa kuluttaja ei ole osallisena, korko on kahdeksan prosenttiyksikk\u00f6\u00e4 korkeampi kuin\nperuskorko.<\/li>\n \t<li>Muiden vahingonkorvausten vaatiminen ei ole poissuljettua.<\/li>\n<\/ol>\n<h3 class=\"wp-block-heading\">4 Toimitus<\/h3>\n<ol>\n \t<li>Toimitus tapahtuu l\u00e4hett\u00e4m\u00e4ll\u00e4 tavarat asiakkaan ilmoittamaan osoitteeseen.\nOsoite. Toimitusaika on yleens\u00e4 3-5 ty\u00f6p\u00e4iv\u00e4\u00e4 tilauksen vastaanottamisesta.\nostohinta. N\u00e4m\u00e4 tiedot eiv\u00e4t ole sitovia, ellei toisin sovita.<\/li>\n \t<li>Toimitus tapahtuu\nPakkaus- ja toimituskulut. Toimitukset ulkomaille, ellei toisin sovita\npakkauksen ja kuljetuksen hinta ilmoitetaan erikseen painon mukaan.\nlaskettu. Jos asiakas pyyt\u00e4\u00e4 erityyppist\u00e4 l\u00e4hetyst\u00e4, joka vaatii korkeampaa kuljetusmaksua.\nkustannuksia, h\u00e4nen on my\u00f6s vastattava n\u00e4ist\u00e4 lis\u00e4kustannuksista.<\/li>\n<\/ol>\n<h3 class=\"wp-block-heading\">5 Omistusoikeuden s\u00e4ilytt\u00e4minen<\/h3>\nTavarat pysyv\u00e4t sopimuskumppanin omaisuutena, kunnes maksu on suoritettu kokonaisuudessaan.\nPanttaus, omistusoikeuden siirto vakuudeksi, k\u00e4sittely, omistusoikeuden siirto\ntai uudelleensuunnittelua ilman sopimuskumppanin nimenomaista suostumusta.\nsallittua.\n<h3 class=\"wp-block-heading\">6 Hinnat<\/h3>\n<ol>\n \t<li>Tavaroistamme ilmoitettu hinta on lopullinen hinta,\nmukaan lukien mahdollinen arvonlis\u00e4vero ja muut hintakomponentit. The\nHinta ei sis\u00e4ll\u00e4 toimitus- ja toimituskuluja.<\/li>\n \t<li>Sopimuskumppanin Internet-sivujen p\u00e4ivitt\u00e4misen my\u00f6t\u00e4 kaikki aiemmat\nHinnat ja muut tavaroita koskevat tiedot ovat virheellisi\u00e4.<\/li>\n \t<li>Laskutuksen kannalta ratkaisevaa on hinta laskun laatimishetkell\u00e4.\nAsiakkaan tarjous.<\/li>\n<\/ol>\n<h3 class=\"wp-block-heading\">7 Peruuttamisoikeus<\/h3>\n<ol>\n \t<li>Sopimuskumppanilla on my\u00f6s oikeus peruuttaa sopimus maksamattoman sopimuksen osalta.\nosa toimitusta tai palvelua, jos toimituksesta tai palvelusta annetaan v\u00e4\u00e4ri\u00e4 tietoja.\nasiakkaan luottokelpoisuudesta on tehty tai objektiivisista syist\u00e4, jotka koskevat asiakkaan\nasiakkaan maksukyky ja asiakas voi asiakkaan pyynn\u00f6st\u00e4 maksaa\nsopimuskumppani ei maksa ennakkomaksua eik\u00e4 tarjoa sopivaa korvausta.\nvakuus tai jos asiakkaan omaisuutta vastaan on aloitettu maksukyvytt\u00f6myysmenettely.\ntai maksukyvytt\u00f6myysmenettelyn aloittamista koskeva hakemus on j\u00e4tetty maksukyvytt\u00f6myysmenettelyn puuttumisen vuoksi.\nvaroja kustannusten kattamiseksi.<\/li>\n \t<li>Sopimuskumppanin vahingonkorvausvaatimuksista riippumatta, jos kyseess\u00e4 on\nosittainen peruuttaminen, jo suoritetut osittaiset palvelut laskutetaan ja maksetaan sopimuksen mukaisesti.\nmaksaa.<\/li>\n<\/ol>\nPeruutusehdot\nSinulla on oikeus peruuttaa t\u00e4m\u00e4 sopimus nelj\u00e4ntoista p\u00e4iv\u00e4n kuluessa ilman syyt\u00e4.\nperuuttaa.\nPeruuttamisaika on nelj\u00e4toista p\u00e4iv\u00e4\u00e4:\n<ol>\n \t<li>Kun kyseess\u00e4 on ostosopimus, joka on tehty siit\u00e4 p\u00e4iv\u00e4st\u00e4 alkaen, jona te tai jompikumpi teist\u00e4\nnimetty kolmas osapuoli, joka ei ole rahdinkuljettaja, on ottanut tavaran haltuunsa.\non tai on.<\/li>\n \t<li>Kun kyseess\u00e4 on sopimus useista tavaroista, jotka on toimitettava osana\njotka on tilattu yhten\u00e4 tilauksena ja jotka toimitetaan erill\u00e4\u00e4n seuraavista\np\u00e4iv\u00e4n\u00e4, jona sin\u00e4 tai sinun nime\u00e4m\u00e4si kolmas osapuoli, joka ei ole\nrahdinkuljettaja, ovat ottaneet haltuunsa viimeiset tavarat.<\/li>\n \t<li>Kun kyseess\u00e4 on sopimus tavaroiden s\u00e4\u00e4nn\u00f6llisest\u00e4 toimittamisesta tavanomaisen kuljetusliikkeen kautta\najanjakso siit\u00e4 p\u00e4iv\u00e4st\u00e4, jona sin\u00e4 tai joku valtuutetuista henkil\u00f6ist\u00e4si\nnimetty kolmas osapuoli, joka ei ole rahdinkuljettaja, ottaa ensimm\u00e4isen tavaran haltuunsa.\novat ottaneet tai ovat ottaneet.<\/li>\n<\/ol>\nPeruuttamisoikeuden k\u00e4ytt\u00e4minen edellytt\u00e4\u00e4, ett\u00e4 ilmoitat siit\u00e4 sopimuskumppanille seuraavalla tavalla\nselke\u00e4 ilmoitus (esim. postitse tai s\u00e4hk\u00f6postitse l\u00e4hetetty kirje), jossa kerrotaan\nIlmoita meille p\u00e4\u00e4t\u00f6ksest\u00e4si peruuttaa t\u00e4m\u00e4 sopimus. T\u00e4ytt\u00e4k\u00e4\u00e4\nseuraava peruutuslomake ja l\u00e4het\u00e4 se allekirjoitettuna meille s\u00e4hk\u00f6postitse.\ntulossa:\n\n&#8211; N\u00e4ytteen peruuttamislomake alku &#8211;\n\nPeruuttaminen\n\nMin\u00e4\/me (*) perun t\u00e4ten sopimuksen, jonka olen\/me (*) tehnyt seuraavista kohteista\nSeuraavien tavaroiden osto (*)\/ seuraavan palvelun tarjoaminen (*):\n__________________________\n____________________________________________________\n____________________________________________________\n\nTilausnumero \/ tilaus: ___________________________________\nTilattu (*) \/ vastaanotettu (*):\n__________________________________________\nKuluttajan (kuluttajien) nimi:\n__________________________________________\nKuluttajan (kuluttajien) osoite:\n__________________________________________\n________________________________________\nKuluttajan (kuluttajien) allekirjoitus\n\nP\u00e4iv\u00e4m\u00e4\u00e4r\u00e4: __________________________________\n\n(*) Tarpeeton yliviivataan.\n\n&#8211; Peruuttamislomakkeen malli End-\n\nPeruuttamiselle asetetun m\u00e4\u00e4r\u00e4ajan noudattamiseksi riitt\u00e4\u00e4, ett\u00e4 l\u00e4het\u00e4t ilmoituksen peruuttamisoikeutesi k\u00e4ytt\u00e4misest\u00e4 ennen peruuttamisajan p\u00e4\u00e4ttymist\u00e4.\n<h3 class=\"wp-block-heading\">Peruuttamisen seuraukset<\/h3>\nJos peruutat t\u00e4m\u00e4n sopimuksen, olemme palauttaneet kaikki sinulta saamamme maksut.\nmukaan lukien toimituskulut (lukuun ottamatta lis\u00e4kustannuksia,\njotka johtuvat siit\u00e4, ett\u00e4 olette valinneet eri toimitustavan kuin me olemme valinneet.\ntarjottu, edullisin vakiotoimitus), ilman aiheetonta viivytyst\u00e4 ja viimeist\u00e4\u00e4n\nnelj\u00e4ntoista p\u00e4iv\u00e4n kuluessa siit\u00e4 p\u00e4iv\u00e4st\u00e4, jona saatte ilmoituksen, jossa ilmoitetaan\nolemme vastaanottaneet t\u00e4m\u00e4n sopimuksen peruuttamisen. T\u00e4t\u00e4 takaisinmaksua varten k\u00e4ytet\u00e4\u00e4n\nsamaa maksuv\u00e4linett\u00e4, jota k\u00e4ytit alkuper\u00e4isess\u00e4 maksutapahtumassa.\non, ellei nimenomaisesti toisin sovita kanssasi; miss\u00e4\u00e4n tapauksessa\nT\u00e4ss\u00e4 tapauksessa sinulta perit\u00e4\u00e4n maksuja t\u00e4st\u00e4 takaisinmaksusta.\nVoimme kielt\u00e4yty\u00e4 hyvityksest\u00e4 ennen kuin olemme saaneet tavarat takaisin.\ntai kunnes olet toimittanut todisteen siit\u00e4, ett\u00e4 olet palauttanut tavarat.\nriippuen siit\u00e4, kumpi on aikaisempi ajankohta.\nTavarat on palautettava v\u00e4litt\u00f6m\u00e4sti ja joka tapauksessa nelj\u00e4ntoista kuukauden kuluessa.\np\u00e4iv\u00e4n kuluessa siit\u00e4 p\u00e4iv\u00e4st\u00e4, jona ilmoitat meille t\u00e4m\u00e4n sopimuksen peruuttamisesta, jotta voimme\npalautetaan tai luovutetaan sopimuskumppanille. M\u00e4\u00e4r\u00e4aikaa noudatetaan, jos\nl\u00e4het\u00e4t tavarat ennen nelj\u00e4ntoista p\u00e4iv\u00e4n m\u00e4\u00e4r\u00e4ajan p\u00e4\u00e4ttymist\u00e4.\nPalautukset hyv\u00e4ksyt\u00e4\u00e4n vain, jos tavarat l\u00e4hetet\u00e4\u00e4n takaisin postimaksu maksettuna.\njossa mainitaan nimi, osoite, puhelinnumero ja tilausnumero.\nSinun on maksettava tavaran arvon alenemisesta vain, jos se on\narvon menetys yhdelle tutkimiseksi kunnon, ominaisuudet ja ja\ntavaroiden toimivuus ei ole v\u00e4ltt\u00e4m\u00e4t\u00f6nt\u00e4 k\u00e4sitell\u00e4 niiden kanssa.\n<h3 class=\"wp-block-heading\">Peruuttamisoikeuden poissulkeminen<\/h3>\nSinet\u00f6ityj\u00e4 tavaroita koskevat tilaukset, esim. my\u00f6s ravintolis\u00e4t, jotka ovat\nei sovellu palautettavaksi terveydensuojelu- tai hygieniasyist\u00e4.\njos niiden sinetti on poistettu toimituksen j\u00e4lkeen tai tavaroista, jotka on toimitettu\njotka eiv\u00e4t ole tehdasvalmisteisia ja joiden tuotantoa varten on tehty yksil\u00f6llinen valinta tai\nkuluttaja on ratkaiseva tai jossa selv\u00e4sti viitataan kuluttajan omaan\nr\u00e4\u00e4t\u00e4l\u00f6id\u00e4\u00e4n kuluttajan henkil\u00f6kohtaisiin tarpeisiin tai tavaroita, jotka ovat\npilaantuvat nopeasti tai joiden viimeinen k\u00e4ytt\u00f6p\u00e4iv\u00e4 ylittyy nopeasti,\nei voida peruuttaa.\n&#8211; Peruuttamispolitiikan p\u00e4\u00e4ttyminen &#8211;\n<h3 class=\"wp-block-heading\">8 Takuu<\/h3>\n<ol>\n \t<li>Jos tavara on viallinen, asiakkaalla on oikeus j\u00e4lkik\u00e4teen suorittaa h\u00e4nen mukaansa\nvalita, korjataanko vika vai toimitetaanko virheet\u00f6n tuote.\nkysynt\u00e4. Sopimuskumppani voi valita asiakkaan valitseman j\u00e4lkisuoritustyypin.\njos t\u00e4m\u00e4 on mahdollista vain kohtuuttomilla kustannuksilla. N\u00e4m\u00e4 ovat\nerityisesti virheett\u00f6m\u00e4ss\u00e4 kunnossa olevan esineen arvo, virheett\u00f6m\u00e4n esineen merkitys, ja\nvika ja kysymys siit\u00e4, voidaanko toisenlaista j\u00e4lkik\u00e4teist\u00e4 suoritusta pit\u00e4\u00e4\nvoitaisiin k\u00e4ytt\u00e4\u00e4 ilman merkitt\u00e4vi\u00e4 haittoja ostajalle. V\u00e4ite\nAsiakkaan vastuu rajoittuu t\u00e4ss\u00e4 tapauksessa toisenlaiseen my\u00f6hemp\u00e4\u00e4n suoritukseen; asiakkaan\nsopimuskumppanin oikeus vaatia niit\u00e4 my\u00f6s lauseen 1 ehtojen mukaisesti.\nOikeus kielt\u00e4yty\u00e4 tavaroiden k\u00e4yt\u00f6st\u00e4 s\u00e4ilyy ennallaan.<\/li>\n \t<li>Jos tavaroita on jo k\u00e4ytetty, kuluminen tai vahingoittuminen tai\ntavaran virheellinen k\u00e4ytt\u00f6 palautuksen j\u00e4lkeen, on todettu arvon aleneminen.\njoka kuitataan ostohinnan palautusta vastaan.<\/li>\n \t<li>Jos osto on molempien osapuolten kannalta kaupallinen kauppa, asiakkaan on t\u00e4ytett\u00e4v\u00e4 seuraavat vaatimukset\nv\u00e4litt\u00f6m\u00e4sti toimituksen j\u00e4lkeen, sik\u00e4li kuin se on mahdollista tavanomaisessa liiketoiminnassa.\non toteutettavissa. Jos puute ilmenee, h\u00e4n on antanut meille t\u00e4m\u00e4n ohjeen.\nv\u00e4litt\u00f6m\u00e4sti. Jos asiakas ei ilmoita asiasta meille, tavaran katsotaan olevan&#8230;\nhyv\u00e4ksytty, paitsi jos kyseess\u00e4 on vika, jota ei ole hyv\u00e4ksytty.\ntutkimus ei ollut tunnistettavissa. Jos t\u00e4llainen vika ilmenee my\u00f6hemmin, on\non teht\u00e4v\u00e4 v\u00e4litt\u00f6m\u00e4sti havaitsemisen j\u00e4lkeen; muussa tapauksessa tavaran katsotaan olevan varastettu.\nkatsotaan hyv\u00e4ksytyksi my\u00f6s t\u00e4m\u00e4n puutteen vuoksi. N\u00e4it\u00e4 s\u00e4\u00e4nn\u00f6ksi\u00e4 ei sovelleta,\njos vika on salattu vilpillisesti. Asiakkaan oikeuksien s\u00e4ilytt\u00e4minen\nriitt\u00e4\u00e4, ett\u00e4 ilmoitus l\u00e4hetet\u00e4\u00e4n ajoissa.<\/li>\n \t<li>Jos sopimuskumppani toimittaa virheett\u00f6m\u00e4n tavaran my\u00f6hemp\u00e4\u00e4 suoritusta varten,\nh\u00e4n voi vaatia asiakkaalta viallisen tuotteen palauttamista.<\/li>\n \t<li>Vahingot, jotka johtuvat asiakkaan ep\u00e4asianmukaisista tai sopimuksen vastaisista toimenpiteist\u00e4,\nasennuksen, kytkenn\u00e4n, k\u00e4yt\u00f6n tai varastoinnin aikana,\neiv\u00e4t muodosta vaatimusta sopimuskumppania kohtaan. Ep\u00e4asianmukaisuus ja\nVaatimustenmukaisuuden puuttuminen m\u00e4\u00e4r\u00e4ytyy erityisesti valmistajan toimittamien tietojen perusteella.\ntoimitetut tavarat.<\/li>\n<\/ol>\n<h3 class=\"wp-block-heading\">9 Vastuun rajoittaminen<\/h3>\n<ol>\n \t<li>Muiden kuin hengen, ruumiin ja terveyden loukkaantumisesta johtuvien korvausvaatimusten osalta.\nSopimuskumppani on vastuussa vahingoista vain silt\u00e4 osin kuin n\u00e4m\u00e4 vahingot johtuvat tahallisesta tai\nt\u00f6rke\u00e4 huolimattomuus tai olennaisen sopimusvelvoitteen tuottamuksellinen rikkominen.\nsopimuskumppanin tai sen sijaisen sopimusvelvoitteesta. Yksi\nKaikki muu vahingonkorvausvastuu on suljettu pois. The\nT\u00e4m\u00e4 ei vaikuta tuotevastuulain s\u00e4\u00e4nn\u00f6ksiin.<\/li>\n \t<li>Nykyisen tekniikan tason mukaan tiedonsiirto tietoliikenteen kautta\nInternetin virheett\u00f6myytt\u00e4 ja\/tai saatavuutta ei voida taata kaikkina aikoina. The\nSopimuskumppani ei n\u00e4in ollen ole vastuussa siit\u00e4, ett\u00e4 verkkokauppa on aina k\u00e4ytett\u00e4viss\u00e4.<\/li>\n<\/ol>\n<h3 class=\"wp-block-heading\">10 Tietosuoja<\/h3>\nKaikki tilauksen toteuttamiseen tarvittavat henkil\u00f6tiedot tallennetaan osoitteeseen\ntallennetaan koneellisesti luettavassa muodossa ja k\u00e4sitell\u00e4\u00e4n luottamuksellisesti. K\u00e4sittely\u00e4 varten tarvittavat tiedot\ntilauksen tekemiseen tarvittavat tiedot, kuten nimi ja osoite, tallennetaan osoitteeseen\nToimituksen toteuttaminen sille, joka on saanut toimeksiannon toimittaa tavarat.\nsiirret\u00e4\u00e4n yritykselle.\n<h3 class=\"wp-block-heading\">11 Oikeuspaikka<\/h3>\nSopimuspuolet sopivat Alankomaiden lain soveltamisesta.\nSopimuksesta aiheutuvien riitojen oikeuspaikka on Amsterdam.\nsovittu.\n<h3 class=\"wp-block-heading\">12 Purkamislauseke<\/h3>\nJos jokin n\u00e4iden AVL:ien m\u00e4\u00e4r\u00e4ys on tai tulee p\u00e4tem\u00e4tt\u00f6m\u00e4ksi tai t\u00e4yt\u00e4nt\u00f6\u00f6npanokelvottomaksi,\nn\u00e4iden YLE:ien muut m\u00e4\u00e4r\u00e4ykset eiv\u00e4t vaikuta niihin.\n<h3 class=\"wp-block-heading\">13 Sopimuksen irtisanominen<\/h3>\nJos kuluttaja peruuttaa sopimuksen perustellusti, kuluttaja voi saada\nOstosopimuksen palauttaminen vain vaiheittain, jos ostajan toimittamat tavarat palautetaan.\nostajan vastaanottamat tavarat. Edellytyksen\u00e4 on, ett\u00e4 tavarat ovat alkuper\u00e4isess\u00e4 pakkauksessaan ja niiden\non vahingoittumaton ja alkuper\u00e4inen lasku on mukana. Kun kyseess\u00e4 ovat artikkelit, jotka ovat\nk\u00e4yt\u00f6n merkit ovat heikentyneet tai niiden pakkaus on vahingoittunut, on suoritettava seuraavat toimenpiteet\nasianmukainen korvaus arvonalennuksesta. Kustannukset, jotka aiheutuvat\nPalautukset tapahtuvat ostajan kustannuksella.\nKlarna\nYhteisty\u00f6ss\u00e4\u00a0<a href=\"https:\/\/www.klarna.com\/de\/\">Klarna Bank AB (publ)<\/a>, Sveav\u00e4gen 46, 111 34 Tukholma,\nRuotsi, tarjoamme seuraavia maksuvaihtoehtoja. Maksu suoritetaan kussakin tapauksessa\nKlarnalle:\n<ul>\n \t<li>Lasku: Maksuaika on [14] p\u00e4iv\u00e4\u00e4 tavaran\/lippujen\/ l\u00e4hett\u00e4misest\u00e4.\ntai, jos kyseess\u00e4 ovat muut palvelut, palvelujen tarjoaminen.\nPalvelu. Maiden t\u00e4ydelliset laskutusehdot\njoissa t\u00e4m\u00e4 maksutapa on k\u00e4ytett\u00e4viss\u00e4, l\u00f6yd\u00e4t t\u00e4\u00e4lt\u00e4: Saksa, It\u00e4valta.<\/li>\n \t<li>Osamaksukauppa: Klarnan rahoituspalvelun avulla voit maksaa ostoksesi eriss\u00e4.\nkiinte\u00e4t tai joustavat kuukausier\u00e4t kassakoneessa m\u00e4\u00e4ritetyin hinnoin.\nPalkkaehdot. Maksuer\u00e4t on maksettava seuraavan kuukauden lopussa.\nMaksu er\u00e4\u00e4ntyy, kun Klarna l\u00e4hett\u00e4\u00e4 kuukausilaskun. Lis\u00e4tietoja\nosamaksuostoksia varten, mukaan lukien yleiset sopimusehdot ja yleiset ehdot sek\u00e4\nKuluttajaluottoja koskevat eurooppalaiset vakiotiedot, jotka koskevat maita, jotka ovat\njoissa t\u00e4m\u00e4 maksutapa on k\u00e4ytett\u00e4viss\u00e4, l\u00f6ytyv\u00e4t t\u00e4\u00e4lt\u00e4 (vain m\u00e4\u00e4ritellyll\u00e4 alueella).\nmaat saatavilla): Saksa, It\u00e4valta.<\/li>\n \t<li>Sofort\u00fcberweisung: Saatavana Saksassa, It\u00e4vallassa. Kuormitus teid\u00e4n\ntilille heti tilauksen tekemisen j\u00e4lkeen.<\/li>\n \t<li>Suoraveloitus: Maksu veloitetaan sen j\u00e4lkeen, kun tavarat on l\u00e4hetetty. Aika on\nSaat ilmoituksen s\u00e4hk\u00f6postitse. Lis\u00e4tietoja l\u00f6ytyy t\u00e4\u00e4lt\u00e4.<\/li>\n \t<li>Luottokortti (Visa\/Mastercard): Saatavilla Saksassa. Veloitus tehd\u00e4\u00e4n\nsen j\u00e4lkeen, kun tavarat tai liput on l\u00e4hetetty tai palvelu on saatavilla tai kun kyseess\u00e4 on\ntilauksen ilmoitettujen aikojen mukaisesti.<\/li>\n<\/ul>\nLaskun, osamaksun ja suoraveloituksen k\u00e4ytt\u00e4minen edellytt\u00e4\u00e4 positiivista\nLuottotarkastus vaaditaan. T\u00e4ss\u00e4 yhteydess\u00e4 v\u00e4lit\u00e4mme tietosi osana oston aloittamista.\nja kauppasopimuksen k\u00e4sittely\u00e4 varten Klarnalle osoitteen ja\nLuottotarkastus jatkuu. Ymm\u00e4rr\u00e4th\u00e4n, ett\u00e4 voimme tarjota sinulle vain\ntarjota maksutapoja, jotka ovat sallittuja luottotietojen tarkistuksen tulosten perusteella.\novat. Lis\u00e4tietoja ja Klarnan k\u00e4ytt\u00f6ehdot l\u00f6ytyv\u00e4t t\u00e4\u00e4lt\u00e4.\nYleist\u00e4 tietoa Klarnasta l\u00f6yd\u00e4t t\u00e4\u00e4lt\u00e4. Henkil\u00f6tietosi ovat\nKlarna sovellettavien tietosuojas\u00e4\u00e4nn\u00f6sten mukaisesti ja\nk\u00e4sitell\u00e4\u00e4n Klarnan tietosuojak\u00e4yt\u00e4nn\u00f6ss\u00e4 annettujen tietojen mukaisesti.\t\t\t\t\t\t<\/div>\n\t\t\t\t<\/div>\n\t\t\t\t\t<\/div>\n\t\t\t\t<\/div>\n\t\t\t\t<\/div>\n\t\t","protected":false},"excerpt":{"rendered":"<p>Ehdot ja edellytykset 1 Sopimuskumppani FitSmart B.V.Stadhouderskade 51054 ES AmsterdamThe Netherlands Seuraavassa tekstiss\u00e4 kutsutaan sopimuskumppaniksi. 2 Yleist\u00e4, soveltamisala Kaikki sopimuskumppanin asiakkaalle tarjoamat palvelut on suoritettava seuraavasti. yksinomaan seuraavien yleisten sopimusehtojen perusteella. Poikkeavia m\u00e4\u00e4r\u00e4yksi\u00e4 sovelletaan vain silt\u00e4 osin kuin niist\u00e4 on sovittu sopimuskumppanin ja asiakkaan v\u00e4lill\u00e4 tai ne on nimenomaisesti mainittu n\u00e4iss\u00e4 yleisiss\u00e4 sopimusehdoissa. 3 Maksu, [&hellip;]<\/p>\n","protected":false},"author":1,"featured_media":0,"parent":0,"menu_order":0,"comment_status":"closed","ping_status":"closed","template":"elementor_header_footer","meta":{"_acf_changed":false,"bwfblock_default_font":"","footnotes":""},"class_list":["post-3680","page","type-page","status-publish","hentry"],"acf":[],"_links":{"self":[{"href":"https:\/\/glucofit.co\/fi\/wp-json\/wp\/v2\/pages\/3680"}],"collection":[{"href":"https:\/\/glucofit.co\/fi\/wp-json\/wp\/v2\/pages"}],"about":[{"href":"https:\/\/glucofit.co\/fi\/wp-json\/wp\/v2\/types\/page"}],"author":[{"embeddable":true,"href":"https:\/\/glucofit.co\/fi\/wp-json\/wp\/v2\/users\/1"}],"replies":[{"embeddable":true,"href":"https:\/\/glucofit.co\/fi\/wp-json\/wp\/v2\/comments?post=3680"}],"version-history":[{"count":8,"href":"https:\/\/glucofit.co\/fi\/wp-json\/wp\/v2\/pages\/3680\/revisions"}],"predecessor-version":[{"id":1059798,"href":"https:\/\/glucofit.co\/fi\/wp-json\/wp\/v2\/pages\/3680\/revisions\/1059798"}],"wp:attachment":[{"href":"https:\/\/glucofit.co\/fi\/wp-json\/wp\/v2\/media?parent=3680"}],"curies":[{"name":"wp","href":"https:\/\/api.w.org\/{rel}","templated":true}]}}