{"id":3660,"date":"2024-04-23T09:48:45","date_gmt":"2024-04-23T09:48:45","guid":{"rendered":"https:\/\/glucofit.co\/tietosuojakaytanto\/"},"modified":"2026-01-09T09:56:34","modified_gmt":"2026-01-09T09:56:34","slug":"tietosuojakaytanto","status":"publish","type":"page","link":"https:\/\/glucofit.co\/fi\/tietosuojakaytanto\/","title":{"rendered":"Tietosuojak\u00e4yt\u00e4nt\u00f6"},"content":{"rendered":"\t\t<div data-elementor-type=\"wp-page\" data-elementor-id=\"3660\" class=\"elementor elementor-3660 elementor-1913\" data-elementor-post-type=\"page\">\n\t\t\t\t<div class=\"elementor-element elementor-element-facf8aa e-con-full e-flex e-con e-parent\" data-id=\"facf8aa\" data-element_type=\"container\">\n\t\t<div class=\"elementor-element elementor-element-d5f2f3e innertop-banner-sctn e-flex e-con-boxed e-con e-child\" data-id=\"d5f2f3e\" data-element_type=\"container\" data-settings=\"{&quot;background_background&quot;:&quot;gradient&quot;}\">\n\t\t\t\t\t<div class=\"e-con-inner\">\n\t\t<div class=\"elementor-element elementor-element-effe098 e-con-full e-flex e-con e-child\" data-id=\"effe098\" data-element_type=\"container\">\n\t\t\t\t<div class=\"elementor-element elementor-element-5bf23cc elementor-widget elementor-widget-heading\" data-id=\"5bf23cc\" data-element_type=\"widget\" data-widget_type=\"heading.default\">\n\t\t\t\t<div class=\"elementor-widget-container\">\n\t\t\t<h1 class=\"elementor-heading-title elementor-size-default\">Tietosuojak\u00e4yt\u00e4nt\u00f6<\/h1>\t\t<\/div>\n\t\t\t\t<\/div>\n\t\t\t\t<\/div>\n\t\t\t\t\t<\/div>\n\t\t\t\t<\/div>\n\t\t\t\t<\/div>\n\t\t<div class=\"elementor-element elementor-element-27a8830 e-flex e-con-boxed e-con e-parent\" data-id=\"27a8830\" data-element_type=\"container\">\n\t\t\t\t\t<div class=\"e-con-inner\">\n\t\t\t\t<div class=\"elementor-element elementor-element-10db339 gernal-content elementor-widget elementor-widget-text-editor\" data-id=\"10db339\" data-element_type=\"widget\" data-widget_type=\"text-editor.default\">\n\t\t\t\t<div class=\"elementor-widget-container\">\n\t\t\t\t\t\t\tTietosuojalains\u00e4\u00e4d\u00e4nn\u00f6n, erityisesti EU:n yleisen tietosuoja-asetuksen (GDPR), mukainen vastuullinen elin on seuraava\n<p data-prosemirror-content-type=\"node\" data-prosemirror-node-name=\"paragraph\" data-prosemirror-node-block=\"true\" data-pm-slice=\"1 1 []\">FitSmart B.V.<br data-prosemirror-content-type=\"node\" data-prosemirror-node-name=\"hardBreak\" data-prosemirror-node-inline=\"true\" \/>Stadhouderskade 5<br data-prosemirror-content-type=\"node\" data-prosemirror-node-name=\"hardBreak\" data-prosemirror-node-inline=\"true\" \/>1054 ES Amsterdam<br data-prosemirror-content-type=\"node\" data-prosemirror-node-name=\"hardBreak\" data-prosemirror-node-inline=\"true\" \/>The Netherlands<\/p>\nMail: <a href=\"mailto:service@leaderoo.com\">service@leaderoo.com<\/a>\n\nOikeutesi rekister\u00f6ityn\u00e4\nVoit k\u00e4ytt\u00e4\u00e4 seuraavia oikeuksia milloin tahansa k\u00e4ytt\u00e4m\u00e4ll\u00e4 annettuja yhteystietoja:\n<ul>\n \t<li>Tietoja tallentamistasi tiedoista ja niiden k\u00e4sittelyst\u00e4,<\/li>\n \t<li>Virheellisten henkil\u00f6tietojen korjaaminen,<\/li>\n \t<li>Tallentamiemme tietojesi poistaminen,<\/li>\n \t<li>Tietojenk\u00e4sittelyn rajoittaminen silt\u00e4 osin kuin k\u00e4sittelemme tietojasi seuraavista syist\u00e4\njoita ei ole viel\u00e4 poistettu lakis\u00e4\u00e4teisten velvoitteiden vuoksi,<\/li>\n \t<li data-wpmeteor-wheel=\"true\">Vastustaa tietojesi k\u00e4sittely\u00e4 ja<\/li>\n \t<li>Tietojen siirrett\u00e4vyys, jos olet antanut suostumuksesi tietojen k\u00e4sittelyyn.\ntai ovat tehneet kanssamme sopimuksen.<\/li>\n<\/ul>\nJos olet antanut meille suostumuksesi, voit peruuttaa sen milloin tahansa tulevaisuutta varten.\ntulevaisuutta varten.\n\nVoit milloin tahansa ottaa yhteytt\u00e4 sinusta vastaavaan henkil\u00f6\u00f6n ja tehd\u00e4 valituksen.\nvalvontaviranomainen. Toimivaltainen valvontaviranomainen perustuu\nAsuinpaikkasi, ty\u00f6paikkasi tai ep\u00e4illyn vamman sijaintivaltio. Yksi\nL\u00f6yd\u00e4t luettelon valvontaviranomaisista (ei-julkisen sektorin osalta) osoitteineen.\nalla:\n<a href=\"https:\/\/www.bfdi.bund.de\/DE\/Infothek\/Anschriften_Links\/anschriften_links-node.html.\">https:\/\/www.bfdi.bund.de\/DE\/Infothek\/Anschriften_Links\/anschriften_links-node.html.<\/a>\nRekisterinpit\u00e4j\u00e4n ja kolmansien osapuolten suorittaman tietojenk\u00e4sittelyn tarkoitukset\nK\u00e4sittelemme henkil\u00f6tietojasi vain t\u00e4ss\u00e4 asiakirjassa kuvattuihin tarkoituksiin.\ntietosuojak\u00e4yt\u00e4nn\u00f6ss\u00e4 mainittuihin tarkoituksiin. Henkil\u00f6tietojesi toimittaminen\nkolmansille osapuolille muihin kuin mainittuihin tarkoituksiin. Me annamme\nhenkil\u00f6tietoja kolmansille osapuolille vain, jos:\n<ul>\n \t<li>olet antanut nimenomaisen suostumuksesi,<\/li>\n \t<li>k\u00e4sittely on tarpeen kanssasi tehdyn sopimuksen t\u00e4ytt\u00e4miseksi,<\/li>\n \t<li>k\u00e4sittely on tarpeen lakis\u00e4\u00e4teisen velvoitteen noudattamiseksi, k\u00e4sittely on tarpeen rekisterinpit\u00e4j\u00e4n oikeutettujen etujen toteuttamiseksi eik\u00e4 ole syyt\u00e4 olettaa, ett\u00e4 sinulla on ylivoimainen oikeutettu etu k\u00e4sittely\u00e4 kohtaan.\nolla luovuttamatta tietojasi.<\/li>\n<\/ul>\n<h3><strong>Tietojen poistaminen tai est\u00e4minen<\/strong><\/h3>\nNoudatamme tietojen v\u00e4ltt\u00e4misen ja tietojen s\u00e4\u00e4st\u00e4misen periaatteita. Siksi s\u00e4ilyt\u00e4mme henkil\u00f6tietojasi vain niin kauan kuin on tarpeen t\u00e4ss\u00e4 ilmoitettujen tarkoitusten saavuttamiseksi tai lain edellytt\u00e4m\u00e4ll\u00e4 tavalla.\ns\u00e4\u00e4det\u00e4\u00e4n erilaisista varastointiajoista. Sen j\u00e4lkeen, kun asianomainen k\u00e4ytt\u00f6tarkoitus on lakannut olemasta voimassa tai n\u00e4m\u00e4 m\u00e4\u00e4r\u00e4ajat ovat p\u00e4\u00e4ttyneet, vastaavat tiedot suojataan tai poistetaan rutiininomaisesti lakis\u00e4\u00e4teisten s\u00e4\u00e4nn\u00f6sten mukaisesti.\n<h3><strong>Yleisten tietojen ker\u00e4\u00e4minen verkkosivustollamme vieraillessa<\/strong><\/h3>\nKun k\u00e4yt\u00e4t verkkosivustoamme, ev\u00e4steiden avulla ker\u00e4t\u00e4\u00e4n automaattisesti yleisluonteisia tietoja. N\u00e4m\u00e4 tiedot (palvelimen lokitiedostot) sis\u00e4lt\u00e4v\u00e4t esimerkiksi verkkoselaimen tyypin, k\u00e4ytetyn k\u00e4ytt\u00f6j\u00e4rjestelm\u00e4n, Internet-palveluntarjoajan verkkotunnuksen ja vastaavat tiedot. Kyse on yksinomaan tiedoista, joiden perusteella ei voida tehd\u00e4 mit\u00e4\u00e4n johtop\u00e4\u00e4t\u00f6ksi\u00e4 henkil\u00f6st\u00e4si.\n\nN\u00e4m\u00e4 tiedot ovat teknisesti v\u00e4ltt\u00e4m\u00e4tt\u00f6mi\u00e4, jotta pyydetty verkkosivuston sis\u00e4lt\u00f6 voidaan toimittaa oikein, ja ne ovat pakollisia Interneti\u00e4 k\u00e4ytett\u00e4ess\u00e4. Niit\u00e4 k\u00e4sitell\u00e4\u00e4n erityisesti seuraaviin tarkoituksiin:\n<ul>\n \t<li>Varmistetaan sujuva yhteys verkkosivustolle,<\/li>\n \t<li>Verkkosivustomme sujuvan k\u00e4yt\u00f6n varmistaminen,<\/li>\n \t<li>J\u00e4rjestelm\u00e4n turvallisuuden ja vakauden arviointi ja<\/li>\n \t<li>muihin hallinnollisiin tarkoituksiin.<\/li>\n<\/ul>\nHenkil\u00f6tietojesi k\u00e4sittely perustuu oikeutettuun etuumme, joka perustuu edell\u00e4 mainittuihin tiedonkeruun tarkoituksiin. Emme k\u00e4yt\u00e4 tietojasi p\u00e4\u00e4telmien tekemiseen henkil\u00f6st\u00e4si. Tietojen vastaanottajia ovat ainoastaan rekisterinpit\u00e4j\u00e4 ja tarvittaessa henkil\u00f6tietojen k\u00e4sittelij\u00e4.\n\nSaatamme k\u00e4sitell\u00e4 t\u00e4llaisia anonyymej\u00e4 tietoja. tilastollisesti arvioituna verkkosivustomme ja sen taustalla olevan teknologian optimoimiseksi.\n<h3><strong>Ev\u00e4steet<\/strong><\/h3>\nKuten monet muutkin verkkosivustot, my\u00f6s me k\u00e4yt\u00e4mme niin sanottuja &#8221;ev\u00e4steit\u00e4&#8221;. Ev\u00e4steet ovat pieni\u00e4 tekstitiedostoja, jotka siirret\u00e4\u00e4n verkkosivuston palvelimelta kiintolevyllesi. N\u00e4in saamme automaattisesti tiettyj\u00e4 tietoja, kuten IP-osoitteen, k\u00e4ytetyn selaimen, k\u00e4ytt\u00f6j\u00e4rjestelm\u00e4n ja Internet-yhteytesi.\n\nEv\u00e4steit\u00e4 ei voi k\u00e4ytt\u00e4\u00e4 ohjelmien k\u00e4ynnist\u00e4miseen tai virusten siirt\u00e4miseen tietokoneelle. Ev\u00e4steiden sis\u00e4lt\u00e4mien tietojen avulla voimme helpottaa navigointia ja mahdollistaa verkkosivujemme oikean n\u00e4ytt\u00e4misen.\n\nEv\u00e4steit\u00e4 ei voi k\u00e4ytt\u00e4\u00e4 ohjelmien k\u00e4ynnist\u00e4miseen tai virusten siirt\u00e4miseen tietokoneelle. Ev\u00e4steiden sis\u00e4lt\u00e4mien tietojen avulla voimme helpottaa navigointia ja mahdollistaa verkkosivujemme oikean n\u00e4ytt\u00e4misen.\n\nVoit tietenkin tarkastella verkkosivustoamme my\u00f6s ilman ev\u00e4steit\u00e4. Internet-selaimet on s\u00e4\u00e4nn\u00f6llisesti asetettu hyv\u00e4ksym\u00e4\u00e4n ev\u00e4steet. Yleens\u00e4 voit poistaa ev\u00e4steiden k\u00e4yt\u00f6n k\u00e4yt\u00f6st\u00e4 milloin tahansa asetusten kautta.\nselaimessasi. K\u00e4yt\u00e4 Internet-selaimesi ohjetoimintoja selvitt\u00e4\u00e4ksesi, miten n\u00e4it\u00e4 asetuksia voidaan muuttaa. Huomaa, ett\u00e4 verkkosivustomme yksitt\u00e4iset toiminnot eiv\u00e4t v\u00e4ltt\u00e4m\u00e4tt\u00e4 ole\ntoimii, jos olet poistanut ev\u00e4steiden k\u00e4yt\u00f6n k\u00e4yt\u00f6st\u00e4.\n<h3><strong>Rekister\u00f6ityminen verkkosivuillamme<\/strong><\/h3>\nKun rekister\u00f6idyt henkil\u00f6kohtaisten palveluidemme k\u00e4ytt\u00f6\u00f6n, ker\u00e4t\u00e4\u00e4n joitakin henkil\u00f6tietoja, kuten nimi, osoite, yhteys- ja viestint\u00e4tiedot, kuten puhelinnumero ja s\u00e4hk\u00f6postiosoite. Oletko kanssamme\nrekister\u00f6ityneen\u00e4 voit k\u00e4ytt\u00e4\u00e4 sis\u00e4lt\u00f6\u00e4 ja palveluita, joita tarjoamme vain rekister\u00f6ityneille k\u00e4ytt\u00e4jille. Rekister\u00f6ityneill\u00e4 k\u00e4ytt\u00e4jill\u00e4 on my\u00f6s mahdollisuus muuttaa tai poistaa rekister\u00f6innin yhteydess\u00e4 annettuja tietoja milloin tahansa.\nTietenkin annamme sinulle milloin tahansa tietoa sinusta tallennetuista henkil\u00f6tiedoista. Korjaamme tai poistamme n\u00e4m\u00e4 tiedot mielell\u00e4mme pyynn\u00f6st\u00e4si, jos lakis\u00e4\u00e4teiset s\u00e4ilytt\u00e4misvelvoitteet eiv\u00e4t ole p\u00e4invastaisia. Jos haluat ottaa meihin yhteytt\u00e4 t\u00e4ss\u00e4 yhteydess\u00e4, k\u00e4yt\u00e4 seuraavaa linkki\u00e4\nt\u00e4m\u00e4n tietosuojak\u00e4yt\u00e4nn\u00f6n lopussa.\n<h3><strong>Kommenttitoiminto<\/strong><\/h3>\nKun k\u00e4ytt\u00e4j\u00e4t j\u00e4tt\u00e4v\u00e4t kommentteja verkkosivuillemme, n\u00e4iden tietojen lis\u00e4ksi tallennetaan my\u00f6s kommenttien laatimisajankohta ja verkkosivuvierailijan aiemmin valitsema k\u00e4ytt\u00e4j\u00e4nimi. T\u00e4m\u00e4 on turvallisuutemme vuoksi, sill\u00e4 voimme joutua syytteeseen sivustollamme olevasta laittomasta sis\u00e4ll\u00f6st\u00e4, vaikka se olisikin k\u00e4ytt\u00e4jien luomaa.\n<h3><strong>SSL-salaus<\/strong><\/h3>\nTietojesi suojaamiseksi siirron aikana k\u00e4yt\u00e4mme uusimpia salausmenetelmi\u00e4 (esim. SSL) HTTPS:n kautta.\n<h3><strong>Uutiskirje<\/strong><\/h3>\nSuostumuksesi perusteella l\u00e4het\u00e4mme sinulle s\u00e4\u00e4nn\u00f6llisesti uutiskirjeemme tai muuta vastaavaa tietoa s\u00e4hk\u00f6postitse antamaasi s\u00e4hk\u00f6postiosoitteeseen.\n\nUutiskirjeen saamiseksi riitt\u00e4\u00e4, ett\u00e4 annat s\u00e4hk\u00f6postiosoitteesi. Kun rekister\u00f6idyt vastaanottamaan uutiskirjeemme, antamiasi tietoja k\u00e4ytet\u00e4\u00e4n yksinomaan t\u00e4h\u00e4n tarkoitukseen. Tilaajat voivat my\u00f6s tilata\nsaada s\u00e4hk\u00f6postitse tietoa palveluun tai rekister\u00f6itymiseen liittyvist\u00e4 seikoista (esimerkiksi uutiskirjetarjouksen muutoksista tai teknisist\u00e4 seikoista).\n\nRekister\u00f6ityminen edellytt\u00e4\u00e4 voimassa olevaa s\u00e4hk\u00f6postiosoitetta. K\u00e4yt\u00e4mme &#8221;double opt-in&#8221; -menettely\u00e4 tarkistaaksemme, ett\u00e4 s\u00e4hk\u00f6postiosoitteen omistaja on todella tehnyt rekister\u00f6innin. T\u00e4t\u00e4 tarkoitusta varten kirjaamme\nUutiskirjeen tilaaminen, vahvistuss\u00e4hk\u00f6postin l\u00e4hett\u00e4minen ja t\u00e4ss\u00e4 pyydetyn vastauksen vastaanottaminen. Muita tietoja ei ker\u00e4t\u00e4. Tietoja k\u00e4ytet\u00e4\u00e4n yksinomaan uutiskirjeen l\u00e4hett\u00e4miseen, eik\u00e4 niit\u00e4 luovuteta kolmansille osapuolille.\n\nVoit milloin tahansa peruuttaa suostumuksesi henkil\u00f6tietojesi tallentamiseen ja niiden k\u00e4ytt\u00e4miseen uutiskirjeen l\u00e4hett\u00e4miseen. Jokaisessa uutiskirjeess\u00e4 on vastaava linkki. Voit my\u00f6s ottaa meihin yhteytt\u00e4 milloin tahansa suoraan osoitteessa\nt\u00e4m\u00e4n verkkosivuston tai ilmoittaa meille halustasi t\u00e4m\u00e4n tietosuojaselosteen lopussa olevan yhteydenottovaihtoehdon kautta.\n<h3><strong>Yhteydenottolomake<\/strong><\/h3>\nJos otat meihin yhteytt\u00e4 s\u00e4hk\u00f6postitse tai yhteydenottolomakkeella, annat meille vapaaehtoisen suostumuksesi yhteydenottoa varten. T\u00e4t\u00e4 varten tarvitaan voimassa oleva s\u00e4hk\u00f6postiosoite. T\u00e4t\u00e4 k\u00e4ytet\u00e4\u00e4n pyynn\u00f6n osoittamiseen ja siihen vastaamiseen. Lis\u00e4tietojen ilmoittaminen on vapaaehtoista. Antamasi tiedot tallennetaan pyynt\u00f6si k\u00e4sittely\u00e4 ja mahdollisia jatkokysymyksi\u00e4 varten. Kun pyynt\u00f6si on k\u00e4sitelty, henkil\u00f6tietosi poistetaan automaattisesti.\n<h3><strong>Google Analyticsin k\u00e4ytt\u00f6<\/strong><\/h3>\nT\u00e4m\u00e4 verkkosivusto k\u00e4ytt\u00e4\u00e4 Google Analyticsia, joka on Google Inc:n (j\u00e4ljemp\u00e4n\u00e4 Google) tarjoama web-analyysipalvelu. Google Analytics k\u00e4ytt\u00e4\u00e4 &#8221;ev\u00e4steit\u00e4&#8221;, jotka ovat tietokoneellesi sijoitettuja tekstitiedostoja, joiden avulla verkkosivusto voi analysoida, miten k\u00e4ytt\u00e4j\u00e4t k\u00e4ytt\u00e4v\u00e4t sivustoa.\nsinun toimesta. Ev\u00e4steen tuottamat tiedot t\u00e4m\u00e4n verkkosivuston k\u00e4yt\u00f6st\u00e4si siirret\u00e4\u00e4n yleens\u00e4 Googlen palvelimelle Yhdysvaltoihin ja tallennetaan sinne. IP:n anonymisoinnin aktivoinnin vuoksi &#8211;\nn\u00e4ill\u00e4 verkkosivustoilla, Google kuitenkin tallentaa IP-osoitteesi Euroopan unionin j\u00e4senvaltioissa tai muissa sopimusvaltioissa.\n\nEuroopan talousalueesta tehty sopimus etuk\u00e4teen. Vain poikkeustapauksissa koko IP-osoite siirret\u00e4\u00e4n Googlen palvelimelle Yhdysvaltoihin ja lyhennet\u00e4\u00e4n siell\u00e4. T\u00e4m\u00e4n verkkosivuston yll\u00e4pit\u00e4j\u00e4n, Googlen, puolesta.\nk\u00e4ytt\u00e4\u00e4 n\u00e4it\u00e4 tietoja arvioidakseen verkkosivuston k\u00e4ytt\u00f6\u00e4si, laatiakseen raportteja verkkosivuston toiminnasta ja tarjotakseen verkkosivuston yll\u00e4pit\u00e4j\u00e4lle muita verkkosivuston toimintaan ja internetin k\u00e4ytt\u00f6\u00f6n liittyvi\u00e4 palveluja. Selaimesi Google Analyticsin yhteydess\u00e4 l\u00e4hett\u00e4m\u00e4\u00e4 IP-osoitetta ei yhdistet\u00e4 muihin Googlen tietoihin.\n\nTietojen k\u00e4sittelyn tarkoituksena on arvioida verkkosivuston k\u00e4ytt\u00f6\u00e4 ja laatia raportteja verkkosivuston toiminnasta. Verkkosivuston ja Internetin k\u00e4yt\u00f6n perusteella voidaan lis\u00e4ksi liitt\u00e4\u00e4 seuraavat tiedot\npalveluja tarjotaan. K\u00e4sittely perustuu verkkosivuston yll\u00e4pit\u00e4j\u00e4n oikeutettuun etuun.\n\nVoit kielt\u00e4\u00e4 ev\u00e4steiden k\u00e4yt\u00f6n valitsemalla selaimesi asianmukaiset asetukset, mutta ota kuitenkin huomioon, ett\u00e4 jos teet n\u00e4in, et ehk\u00e4 pysty k\u00e4ytt\u00e4m\u00e4\u00e4n t\u00e4m\u00e4n verkkosivuston kaikkia toimintoja.\nvoi k\u00e4ytt\u00e4\u00e4. Voit my\u00f6s est\u00e4\u00e4 Googlea ker\u00e4\u00e4m\u00e4st\u00e4 ev\u00e4steen tuottamia tietoja, jotka liittyv\u00e4t verkkosivuston k\u00e4ytt\u00f6\u00f6si (mukaan lukien IP-osoitteesi), ja est\u00e4\u00e4 Googlea k\u00e4sittelem\u00e4st\u00e4 n\u00e4it\u00e4 tietoja aktivoimalla toiminnon K\u00e4ytt\u00e4j\u00e4 voi my\u00f6s est\u00e4\u00e4 Googlea ker\u00e4\u00e4m\u00e4st\u00e4 ev\u00e4steen tuottamia tietoja.\nLataa ja asenna selaimen lis\u00e4osa, joka on saatavilla seuraavasta linkist\u00e4:\n<a href=\"https:\/\/tools.google.com\/dlpage\/gaoptout?hl=de\">Selaimen lis\u00e4osa Google Analyticsin poistamiseksi k\u00e4yt\u00f6st\u00e4.<\/a>\n\nSelaimen lis\u00e4osan lis\u00e4ksi tai sen vaihtoehtona voit est\u00e4\u00e4 Google Analyticsin seurannan sivuillamme <a href=\"https:\/\/www.perfect-you24.com\/datenschutz\">napsauttamalla t\u00e4t\u00e4 linkki\u00e4<\/a>. Laitteeseesi asennetaan opt-out-ev\u00e4ste. T\u00e4m\u00e4 tarkoittaa, ett\u00e4 tallennus\nGoogle Analyticsin t\u00e4m\u00e4n verkkosivuston ja t\u00e4m\u00e4n selaimen osalta tulevaisuudessa niin kauan kuin ev\u00e4ste on asennettuna selaimeesi.\n<h3><strong>Skriptikirjastojen k\u00e4ytt\u00f6 (Google Webfonts)<\/strong><\/h3>\nK\u00e4yt\u00e4mme t\u00e4ll\u00e4 verkkosivustolla komentosarjakirjastoja ja kirjasinkirjastoja, kuten Google Web Fontsia<a href=\"https:\/\/fonts.google.com\/\">(https:\/\/www.google.com\/webfonts\/)<\/a>, jotta sis\u00e4lt\u00f6mme n\u00e4kyisi oikein ja graafisesti houkuttelevasti kaikissa selaimissa. Google-verkkokirjasimet siirret\u00e4\u00e4n selaimesi v\u00e4limuistiin, jotta v\u00e4ltet\u00e4\u00e4n moninkertainen lataaminen. Jos selain ei tue Google Web Fontsia tai est\u00e4\u00e4 sen k\u00e4yt\u00f6n, sis\u00e4lt\u00f6 n\u00e4ytet\u00e4\u00e4n tavallisella fontilla.\n\nKomentosarjakirjastojen tai fonttikirjastojen kutsuminen k\u00e4ynnist\u00e4\u00e4 automaattisesti yhteyden kirjastooperaattoriin. Teoriassa on mahdollista &#8211; mutta t\u00e4ll\u00e4 hetkell\u00e4 on my\u00f6s ep\u00e4selv\u00e4\u00e4, onko ja jos on, niin mihin tarkoituksiin &#8211; ett\u00e4 toimijat\nker\u00e4t\u00e4 tietoja asianomaisista kirjastoista. Kirjaston yll\u00e4pit\u00e4j\u00e4n Googlen tietosuojak\u00e4yt\u00e4nt\u00f6 l\u00f6ytyy t\u00e4\u00e4lt\u00e4:\n<a href=\"https:\/\/policies.google.com\/privacy\">https:\/\/www.google.com\/policies\/privacy\/<\/a>\n<h3><strong>Google Mapin k\u00e4ytt\u00f6<\/strong><\/h3>\nT\u00e4m\u00e4 verkkosivusto k\u00e4ytt\u00e4\u00e4 Google Maps API:ta maantieteellisten tietojen visuaaliseen esitt\u00e4miseen. Google Mapsia k\u00e4ytett\u00e4ess\u00e4 Google ker\u00e4\u00e4, k\u00e4sittelee ja k\u00e4ytt\u00e4\u00e4 my\u00f6s tietoja k\u00e4vij\u00f6iden karttatoimintojen k\u00e4yt\u00f6st\u00e4.\nLis\u00e4tietoja Googlen suorittamasta tietojenk\u00e4sittelyst\u00e4 on <a href=\"https:\/\/policies.google.com\/privacy\">Googlen tietosuojak\u00e4yt\u00e4nn\u00f6ss\u00e4<\/a>. Voit my\u00f6s muuttaa henkil\u00f6kohtaisia tietosuoja-asetuksiasi siell\u00e4 tietosuojakeskuksessa.\n\nYksityiskohtaiset ohjeet omien tietojesi hallintaan Googlen tuotteiden yhteydess\u00e4 l\u00f6yd\u00e4t <a href=\"https:\/\/support.google.com\/accounts\/answer\/3024190\">t\u00e4\u00e4lt\u00e4<\/a>.\n<h3><strong>Google AdWords<\/strong><\/h3>\nVerkkosivustomme k\u00e4ytt\u00e4\u00e4 Google Conversion Tracking -palvelua. Jos olet saapunut verkkosivuillemme Googlen mainoksen kautta, Google Adwords asettaa tietokoneellesi ev\u00e4steen. Konversioseurannan ev\u00e4ste on\nasetetaan, kun k\u00e4ytt\u00e4j\u00e4 napsauttaa Googlen julkaisemaa mainosta. N\u00e4m\u00e4 ev\u00e4steet menett\u00e4v\u00e4t voimassaolonsa 30 p\u00e4iv\u00e4n kuluttua, eik\u00e4 niit\u00e4 k\u00e4ytet\u00e4 henkil\u00f6kohtaiseen tunnistamiseen. Jos k\u00e4ytt\u00e4j\u00e4 vierailee tietyill\u00e4 verkkosivustomme sivuilla ja ev\u00e4steen\nei ole viel\u00e4 vanhentunut, me ja Google voimme tunnistaa, ett\u00e4 k\u00e4ytt\u00e4j\u00e4 on napsauttanut mainosta ja h\u00e4net on ohjattu t\u00e4lle sivulle. Jokainen Google AdWords -asiakas saa eri ev\u00e4steen. Ev\u00e4steit\u00e4 ei siis voi tallentaa\nAdWords-asiakkaiden verkkosivustoja voidaan seurata. Konversioev\u00e4steen avulla ker\u00e4ttyj\u00e4 tietoja k\u00e4ytet\u00e4\u00e4n konversiotilastojen tuottamiseen AdWords-asiakkaille, jotka ovat valinneet konversioseurannan. The\nAsiakkaat saavat selville niiden k\u00e4ytt\u00e4jien kokonaism\u00e4\u00e4r\u00e4n, jotka napsauttivat heid\u00e4n mainostaan ja jotka ohjattiin sivulle, jossa on konversioseurantatunniste. Ne eiv\u00e4t kuitenkaan saa mit\u00e4\u00e4n tietoja, joiden avulla k\u00e4ytt\u00e4j\u00e4t voitaisiin tunnistaa henkil\u00f6kohtaisesti.\nj\u00e4t\u00e4.\n\nJos et halua osallistua seurantaan, voit kielt\u00e4\u00e4 sit\u00e4 varten tarvittavan ev\u00e4steen asettamisen &#8211; esimerkiksi asettamalla selaimesi niin, ett\u00e4 se poistaa ev\u00e4steiden automaattisen asettamisen k\u00e4yt\u00f6st\u00e4 tai asettamalla selaimesi niin, ett\u00e4 ev\u00e4steet on estetty.\nVerkkotunnus &#8221;googleleadservices.com&#8221; on estetty.\n\nHuomaa, ett\u00e4 et voi poistaa opt-out-ev\u00e4stej\u00e4 niin kauan kuin et halua, ett\u00e4 mittaustietoja tallennetaan. Jos olet poistanut kaikki ev\u00e4steet selaimesta, sinun on asetettava kyseinen kielt\u00e4v\u00e4 ev\u00e4ste uudelleen.\n<h3><strong>Googlen uudelleenmarkkinoinnin k\u00e4ytt\u00f6<\/strong><\/h3>\nT\u00e4m\u00e4 verkkosivusto k\u00e4ytt\u00e4\u00e4 Google Inc:n uudelleenmarkkinointitoimintoa. T\u00e4t\u00e4 toimintoa k\u00e4ytet\u00e4\u00e4n kiinnostukseen perustuvien mainosten esitt\u00e4miseen verkkosivuston k\u00e4vij\u00f6ille Googlen mainosverkostossa. Verkkosivuston k\u00e4vij\u00e4n selaimeen tallennetaan niin sanottu &#8221;ev\u00e4ste&#8221;, jonka avulla k\u00e4vij\u00e4 voidaan tunnistaa, kun h\u00e4n k\u00e4ytt\u00e4\u00e4 mainosverkkoon kuuluvia verkkosivustoja.\nkuuluvat Googlelle. N\u00e4ill\u00e4 sivuilla k\u00e4vij\u00e4lle saatetaan esitt\u00e4\u00e4 mainoksia, jotka liittyv\u00e4t sis\u00e4lt\u00f6\u00f6n, johon k\u00e4vij\u00e4 on aiemmin tutustunut verkkosivustoilla, jotka k\u00e4ytt\u00e4v\u00e4t Googlen uudelleenmarkkinointitoimintoa.\n\nOmien tietojensa mukaan Google ei ker\u00e4\u00e4 henkil\u00f6tietoja t\u00e4m\u00e4n prosessin aikana. Jos et kuitenkaan halua k\u00e4ytt\u00e4\u00e4 Googlen uudelleenmarkkinointitoimintoa, voit aina poistaa sen k\u00e4yt\u00f6st\u00e4 napsauttamalla vastaavaa\nTee asetukset osoitteessa <a href=\"https:\/\/www.google.com\/settings\/ads\">http:\/\/www.google.com\/settings\/ads<\/a>. Vaihtoehtoisesti voit poistaa ev\u00e4steiden k\u00e4yt\u00f6n kiinnostukseen perustuvaan mainontaan mainosverkkoaloitteen kautta noudattamalla osoitteessa <a href=\"https:\/\/thenai.org\/opt-out\/\">http:\/\/www.networkadvertising.org\/managing\/opt_out.asp<\/a> olevia ohjeita.\n<h3><strong>Muutokset tietosuojak\u00e4yt\u00e4nt\u00f6ihimme<\/strong><\/h3>\nPid\u00e4t\u00e4mme oikeuden mukauttaa t\u00e4t\u00e4 tietosuojak\u00e4yt\u00e4nt\u00f6\u00e4 siten, ett\u00e4 se vastaa aina voimassa olevia lakis\u00e4\u00e4teisi\u00e4 vaatimuksia, tai toteuttaa palvelujemme muutoksia tietosuojak\u00e4yt\u00e4nn\u00f6ss\u00e4, esimerkiksi ottaessamme k\u00e4ytt\u00f6\u00f6n uusia palveluja. Uutta tietosuojak\u00e4yt\u00e4nt\u00f6\u00e4 sovelletaan sitten seuraavalla vierailullasi.\n<h3><strong>Kysymyksi\u00e4 tietosuojavastaavalle<\/strong><\/h3>\nJos sinulla on kysytt\u00e4v\u00e4\u00e4 tietosuojasta, l\u00e4het\u00e4 meille s\u00e4hk\u00f6postia: <a href=\"mailto:service@leaderoo.com\">service@leaderoo.com<\/a>.\t\t\t\t\t\t<\/div>\n\t\t\t\t<\/div>\n\t\t\t\t\t<\/div>\n\t\t\t\t<\/div>\n\t\t\t\t<\/div>\n\t\t","protected":false},"excerpt":{"rendered":"<p>Tietosuojak\u00e4yt\u00e4nt\u00f6 Tietosuojalains\u00e4\u00e4d\u00e4nn\u00f6n, erityisesti EU:n yleisen tietosuoja-asetuksen (GDPR), mukainen vastuullinen elin on seuraava FitSmart B.V.Stadhouderskade 51054 ES AmsterdamThe Netherlands Mail: service@leaderoo.com Oikeutesi rekister\u00f6ityn\u00e4 Voit k\u00e4ytt\u00e4\u00e4 seuraavia oikeuksia milloin tahansa k\u00e4ytt\u00e4m\u00e4ll\u00e4 annettuja yhteystietoja: Tietoja tallentamistasi tiedoista ja niiden k\u00e4sittelyst\u00e4, Virheellisten henkil\u00f6tietojen korjaaminen, Tallentamiemme tietojesi poistaminen, Tietojenk\u00e4sittelyn rajoittaminen silt\u00e4 osin kuin k\u00e4sittelemme tietojasi seuraavista syist\u00e4 joita ei ole [&hellip;]<\/p>\n","protected":false},"author":1,"featured_media":0,"parent":0,"menu_order":0,"comment_status":"closed","ping_status":"closed","template":"elementor_header_footer","meta":{"_acf_changed":false,"bwfblock_default_font":"","footnotes":""},"class_list":["post-3660","page","type-page","status-publish","hentry"],"acf":[],"_links":{"self":[{"href":"https:\/\/glucofit.co\/fi\/wp-json\/wp\/v2\/pages\/3660"}],"collection":[{"href":"https:\/\/glucofit.co\/fi\/wp-json\/wp\/v2\/pages"}],"about":[{"href":"https:\/\/glucofit.co\/fi\/wp-json\/wp\/v2\/types\/page"}],"author":[{"embeddable":true,"href":"https:\/\/glucofit.co\/fi\/wp-json\/wp\/v2\/users\/1"}],"replies":[{"embeddable":true,"href":"https:\/\/glucofit.co\/fi\/wp-json\/wp\/v2\/comments?post=3660"}],"version-history":[{"count":8,"href":"https:\/\/glucofit.co\/fi\/wp-json\/wp\/v2\/pages\/3660\/revisions"}],"predecessor-version":[{"id":1059850,"href":"https:\/\/glucofit.co\/fi\/wp-json\/wp\/v2\/pages\/3660\/revisions\/1059850"}],"wp:attachment":[{"href":"https:\/\/glucofit.co\/fi\/wp-json\/wp\/v2\/media?parent=3660"}],"curies":[{"name":"wp","href":"https:\/\/api.w.org\/{rel}","templated":true}]}}