{"id":3640,"date":"2024-02-26T09:44:57","date_gmt":"2024-02-26T09:44:57","guid":{"rendered":"https:\/\/glucofit.co\/ainesosat\/"},"modified":"2025-02-01T15:51:43","modified_gmt":"2025-02-01T15:51:43","slug":"ainesosat","status":"publish","type":"page","link":"https:\/\/glucofit.co\/fi\/ainesosat\/","title":{"rendered":"Ainesosat"},"content":{"rendered":"\t\t<div data-elementor-type=\"wp-page\" data-elementor-id=\"3640\" class=\"elementor elementor-3640 elementor-1127\" data-elementor-post-type=\"page\">\n\t\t\t\t<div class=\"elementor-element elementor-element-f3c407e innertop-banner-sctn e-con-full e-flex e-con e-parent\" data-id=\"f3c407e\" data-element_type=\"container\" data-settings=\"{&quot;background_background&quot;:&quot;gradient&quot;}\">\n\t\t<div class=\"elementor-element elementor-element-8b3c007 e-flex e-con-boxed e-con e-child\" data-id=\"8b3c007\" data-element_type=\"container\">\n\t\t\t\t\t<div class=\"e-con-inner\">\n\t\t\t\t<div class=\"elementor-element elementor-element-88eab1e elementor-widget elementor-widget-heading\" data-id=\"88eab1e\" data-element_type=\"widget\" data-widget_type=\"heading.default\">\n\t\t\t\t<div class=\"elementor-widget-container\">\n\t\t\t<h1 class=\"elementor-heading-title elementor-size-default\">Ainesosat<\/h1>\t\t<\/div>\n\t\t\t\t<\/div>\n\t\t\t\t\t<\/div>\n\t\t\t\t<\/div>\n\t\t\t\t<\/div>\n\t\t<div class=\"elementor-element elementor-element-7fc6b1b e-flex e-con-boxed e-con e-parent\" data-id=\"7fc6b1b\" data-element_type=\"container\" data-settings=\"{&quot;background_background&quot;:&quot;classic&quot;}\">\n\t\t\t\t\t<div class=\"e-con-inner\">\n\t\t<div class=\"elementor-element elementor-element-c8f1cd6 e-con-full e-flex e-con e-child\" data-id=\"c8f1cd6\" data-element_type=\"container\">\n\t\t\t\t<div class=\"elementor-element elementor-element-7a54fd9 elementor-widget elementor-widget-heading\" data-id=\"7a54fd9\" data-element_type=\"widget\" data-widget_type=\"heading.default\">\n\t\t\t\t<div class=\"elementor-widget-container\">\n\t\t\t<h2 class=\"elementor-heading-title elementor-size-default\">Ainesosat<\/h2>\t\t<\/div>\n\t\t\t\t<\/div>\n\t\t\t\t<div class=\"elementor-element elementor-element-e86842b elementor-widget-divider--view-line elementor-widget elementor-widget-divider\" data-id=\"e86842b\" data-element_type=\"widget\" data-widget_type=\"divider.default\">\n\t\t\t\t<div class=\"elementor-widget-container\">\n\t\t\t\t\t<div class=\"elementor-divider\">\n\t\t\t<span class=\"elementor-divider-separator\">\n\t\t\t\t\t\t<\/span>\n\t\t<\/div>\n\t\t\t\t<\/div>\n\t\t\t\t<\/div>\n\t\t\t\t<div class=\"elementor-element elementor-element-29010d7 ingred-table elementor-widget elementor-widget-text-editor\" data-id=\"29010d7\" data-element_type=\"widget\" data-widget_type=\"text-editor.default\">\n\t\t\t\t<div class=\"elementor-widget-container\">\n\t\t\t\t\t\t\t<div class=\"table\">\n<table>\n<thead>\n<tr>\n<th>Ainesosa &#8211; 1 tabletti<\/th>\n<th> <\/th>\n<th>% NRV*<\/th>\n<\/tr>\n<\/thead>\n<tbody>\n<tr>\n<td>Kalsium<\/td>\n<td>360 mg<\/td>\n<td>45 %<\/td>\n<\/tr>\n<tr>\n<td>Magnesium<\/td>\n<td>80 mg<\/td>\n<td>21.3 %<\/td>\n<\/tr>\n<tr>\n<td>Cinamon-uute 4:1<\/td>\n<td>30 mg<\/td>\n<td>**<\/td>\n<\/tr>\n<tr>\n<td>Berberiini 4:1<\/td>\n<td>30 mg<\/td>\n<td>**<\/td>\n<\/tr>\n<tr>\n<td>E-vitamiini<\/td>\n<td>15 mg \u03b1-TE<\/td>\n<td>125 %<\/td>\n<\/tr>\n<tr>\n<td>Punainen hiivariisiuute 4:1<\/td>\n<td>30 mg<\/td>\n<td>**<\/td>\n<\/tr>\n<tr>\n<td>B3-vitamiini<\/td>\n<td>18 mg<\/td>\n<td>56.1 %<\/td>\n<\/tr>\n<tr>\n<td>Sarviapilan ote 20:1<\/td>\n<td>10 mg<\/td>\n<td>**<\/td>\n<\/tr>\n<tr>\n<td>D3-vitamiini<\/td>\n<td>1000 IU, 25 \u03bcg<\/td>\n<td>500 %<\/td>\n<\/tr>\n<tr>\n<td>Kromi<\/td>\n<td>200 mcg<\/td>\n<td>500 %<\/td>\n<\/tr>\n<tr>\n<td>Biotiini (B7-vitamiini)<\/td>\n<td>300 mcg<\/td>\n<td>600 %<\/td>\n<\/tr>\n<tr>\n<td>Seleeni<\/td>\n<td>50 ug<\/td>\n<td>91 %<\/td>\n<\/tr>\n<\/tbody>\n<\/table>\n<\/div>\n\t\t\t\t\t\t<\/div>\n\t\t\t\t<\/div>\n\t\t\t\t<div class=\"elementor-element elementor-element-349c41e elementor-widget elementor-widget-text-editor\" data-id=\"349c41e\" data-element_type=\"widget\" data-widget_type=\"text-editor.default\">\n\t\t\t\t<div class=\"elementor-widget-container\">\n\t\t\t\t\t\t\t<p>* Prosenttiosuus viitearvosta<br>** Suositusta ei ole saatavilla<br>K\u00e4ytt\u00f6: Aikuiset 1 tabletti p\u00e4iv\u00e4ss\u00e4 ruoan kanssa.<\/p>\t\t\t\t\t\t<\/div>\n\t\t\t\t<\/div>\n\t\t\t\t<div class=\"elementor-element elementor-element-1b07080 elementor-align-left elementor-hidden-phone cstm-btn elementor-widget elementor-widget-button\" data-id=\"1b07080\" data-element_type=\"widget\" data-widget_type=\"button.default\">\n\t\t\t\t<div class=\"elementor-widget-container\">\n\t\t\t\t\t<div class=\"elementor-button-wrapper\">\n\t\t\t<a class=\"elementor-button elementor-button-link elementor-size-md\" href=\"https:\/\/glucofit.co\/fi\/checkout\/\">\n\t\t\t\t\t\t<span class=\"elementor-button-content-wrapper\">\n\t\t\t\t\t\t<span class=\"elementor-button-icon\">\n\t\t\t\t<svg aria-hidden=\"true\" class=\"e-font-icon-svg e-fas-long-arrow-alt-right\" viewBox=\"0 0 448 512\" xmlns=\"http:\/\/www.w3.org\/2000\/svg\"><path d=\"M313.941 216H12c-6.627 0-12 5.373-12 12v56c0 6.627 5.373 12 12 12h301.941v46.059c0 21.382 25.851 32.09 40.971 16.971l86.059-86.059c9.373-9.373 9.373-24.569 0-33.941l-86.059-86.059c-15.119-15.119-40.971-4.411-40.971 16.971V216z\"><\/path><\/svg>\t\t\t<\/span>\n\t\t\t\t\t\t\t\t\t<span class=\"elementor-button-text\">Osta nyt<\/span>\n\t\t\t\t\t<\/span>\n\t\t\t\t\t<\/a>\n\t\t<\/div>\n\t\t\t\t<\/div>\n\t\t\t\t<\/div>\n\t\t\t\t<\/div>\n\t\t<div class=\"elementor-element elementor-element-6d7c508 e-con-full e-flex e-con e-child\" data-id=\"6d7c508\" data-element_type=\"container\">\n\t\t\t\t<div class=\"elementor-element elementor-element-160a46c elementor-widget elementor-widget-image\" data-id=\"160a46c\" data-element_type=\"widget\" data-widget_type=\"image.default\">\n\t\t\t\t<div class=\"elementor-widget-container\">\n\t\t\t\t\t\t\t\t\t\t\t\t\t<img fetchpriority=\"high\" decoding=\"async\" width=\"269\" height=\"520\" src=\"https:\/\/glucofit.co\/wp-content\/uploads\/2025\/02\/glucofit_product-1.webp\" class=\"attachment-large size-large wp-image-1039466\" alt=\"\" srcset=\"https:\/\/glucofit.co\/wp-content\/uploads\/2025\/02\/glucofit_product-1.webp 269w, https:\/\/glucofit.co\/wp-content\/uploads\/2025\/02\/glucofit_product-1-155x300.webp 155w\" sizes=\"(max-width: 269px) 100vw, 269px\" \/>\t\t\t\t\t\t\t\t\t\t\t\t\t<\/div>\n\t\t\t\t<\/div>\n\t\t\t\t<\/div>\n\t\t\t\t\t<\/div>\n\t\t\t\t<\/div>\n\t\t<div class=\"elementor-element elementor-element-7f20956 e-flex e-con-boxed e-con e-parent\" data-id=\"7f20956\" data-element_type=\"container\" data-settings=\"{&quot;background_background&quot;:&quot;classic&quot;}\">\n\t\t\t\t\t<div class=\"e-con-inner\">\n\t\t<div class=\"elementor-element elementor-element-4086598 e-flex e-con-boxed e-con e-child\" data-id=\"4086598\" data-element_type=\"container\">\n\t\t\t\t\t<div class=\"e-con-inner\">\n\t\t\t\t<div class=\"elementor-element elementor-element-7f6c5e8 elementor-widget elementor-widget-text-editor\" data-id=\"7f6c5e8\" data-element_type=\"widget\" data-widget_type=\"text-editor.default\">\n\t\t\t\t<div class=\"elementor-widget-container\">\n\t\t\t\t\t\t\t<p>Yksil\u00f6lliset tulokset voivat vaihdella, eik\u00e4 voida v\u00e4itt\u00e4\u00e4, ett\u00e4 suosittelut heijastavat tyypillisi\u00e4 tuloksia. Kaikki suosittelut ovat todellisilta osallistujilta, eiv\u00e4tk\u00e4 ne v\u00e4ltt\u00e4m\u00e4tt\u00e4 vastaa tyypillisen ostajan kokemuksia, eik\u00e4 niiden tarkoituksena ole edustaa tai taata, ett\u00e4 kukaan saavuttaa samoja tai samankaltaisia tuloksia.<\/p>\n\t\t\t\t\t\t<\/div>\n\t\t\t\t<\/div>\n\t\t\t\t<div class=\"elementor-element elementor-element-d941c1c elementor-widget elementor-widget-text-editor\" data-id=\"d941c1c\" data-element_type=\"widget\" data-widget_type=\"text-editor.default\">\n\t\t\t\t<div class=\"elementor-widget-container\">\n\t\t\t\t\t\t\t<p>Jokaisella ihmisell\u00e4 on ainutlaatuiset kokemukset, harjoittelutottumukset ja ruokailutottumukset, ja h\u00e4n soveltaa tietoa eri tavalla. T\u00e4m\u00e4 ei korvaa l\u00e4\u00e4ketieteellist\u00e4 neuvontaa. Ota yhteytt\u00e4 l\u00e4\u00e4k\u00e4riin ennen liikunta- tai ruokavalio-ohjelman aloittamista.<\/p>\n\t\t\t\t\t\t<\/div>\n\t\t\t\t<\/div>\n\t\t\t\t<div class=\"elementor-element elementor-element-d916c93 elementor-widget elementor-widget-text-editor\" data-id=\"d916c93\" data-element_type=\"widget\" data-widget_type=\"text-editor.default\">\n\t\t\t\t<div class=\"elementor-widget-container\">\n\t\t\t\t\t\t\t<p>On suositeltavaa neuvotella l\u00e4\u00e4k\u00e4rin tai apteekkihenkil\u00f6kunnan kanssa ennen k\u00e4ytt\u00f6\u00e4. S\u00e4ilyt\u00e4 paikassa, johon lapset eiv\u00e4t p\u00e4\u00e4se k\u00e4siksi! \u00c4l\u00e4 ylit\u00e4 suositeltua p\u00e4iv\u00e4annosta! S\u00e4ilyt\u00e4 alkuper\u00e4ispakkauksessa, kuivassa paikassa, huoneenl\u00e4mm\u00f6ss\u00e4! \u00c4l\u00e4 k\u00e4yt\u00e4 ravintolis\u00e4\u00e4 terveellisen ja tasapainoisen ruokavalion korvikkeena! Raskaana oleville ja imett\u00e4ville \u00e4ideille, k\u00e4yt\u00e4 vain l\u00e4\u00e4k\u00e4rin kanssa neuvoteltuasi.<\/p>\n\t\t\t\t\t\t<\/div>\n\t\t\t\t<\/div>\n\t\t\t\t\t<\/div>\n\t\t\t\t<\/div>\n\t\t\t\t\t<\/div>\n\t\t\t\t<\/div>\n\t\t\t\t<\/div>\n\t\t","protected":false},"excerpt":{"rendered":"<p>Ainesosat Ainesosat Ainesosa &#8211; 1 tabletti % NRV* Kalsium 360 mg 45 % Magnesium 80 mg 21.3 % Cinamon-uute 4:1 30 mg ** Berberiini 4:1 30 mg ** E-vitamiini 15 mg \u03b1-TE 125 % Punainen hiivariisiuute 4:1 30 mg ** B3-vitamiini 18 mg 56.1 % Sarviapilan ote 20:1 10 mg ** D3-vitamiini 1000 IU, 25 [&hellip;]<\/p>\n","protected":false},"author":1,"featured_media":0,"parent":0,"menu_order":0,"comment_status":"closed","ping_status":"closed","template":"elementor_header_footer","meta":{"_acf_changed":false,"bwfblock_default_font":"","footnotes":""},"class_list":["post-3640","page","type-page","status-publish","hentry"],"acf":[],"_links":{"self":[{"href":"https:\/\/glucofit.co\/fi\/wp-json\/wp\/v2\/pages\/3640"}],"collection":[{"href":"https:\/\/glucofit.co\/fi\/wp-json\/wp\/v2\/pages"}],"about":[{"href":"https:\/\/glucofit.co\/fi\/wp-json\/wp\/v2\/types\/page"}],"author":[{"embeddable":true,"href":"https:\/\/glucofit.co\/fi\/wp-json\/wp\/v2\/users\/1"}],"replies":[{"embeddable":true,"href":"https:\/\/glucofit.co\/fi\/wp-json\/wp\/v2\/comments?post=3640"}],"version-history":[{"count":23,"href":"https:\/\/glucofit.co\/fi\/wp-json\/wp\/v2\/pages\/3640\/revisions"}],"predecessor-version":[{"id":1039545,"href":"https:\/\/glucofit.co\/fi\/wp-json\/wp\/v2\/pages\/3640\/revisions\/1039545"}],"wp:attachment":[{"href":"https:\/\/glucofit.co\/fi\/wp-json\/wp\/v2\/media?parent=3640"}],"curies":[{"name":"wp","href":"https:\/\/api.w.org\/{rel}","templated":true}]}}