{"id":3678,"date":"2024-04-23T09:21:59","date_gmt":"2024-04-23T09:21:59","guid":{"rendered":"https:\/\/glucofit.co\/vilkaar-og-betingelser\/"},"modified":"2026-01-09T09:48:54","modified_gmt":"2026-01-09T09:48:54","slug":"vilkaar-og-betingelser","status":"publish","type":"page","link":"https:\/\/glucofit.co\/da\/vilkaar-og-betingelser\/","title":{"rendered":"Vilk\u00e5r og betingelser"},"content":{"rendered":"\t\t<div data-elementor-type=\"wp-page\" data-elementor-id=\"3678\" class=\"elementor elementor-3678 elementor-1879\" data-elementor-post-type=\"page\">\n\t\t\t\t<div class=\"elementor-element elementor-element-1d9106c1 e-con-full e-flex e-con e-parent\" data-id=\"1d9106c1\" data-element_type=\"container\">\n\t\t<div class=\"elementor-element elementor-element-7a7a0e2 innertop-banner-sctn e-flex e-con-boxed e-con e-child\" data-id=\"7a7a0e2\" data-element_type=\"container\" data-settings=\"{&quot;background_background&quot;:&quot;gradient&quot;}\">\n\t\t\t\t\t<div class=\"e-con-inner\">\n\t\t<div class=\"elementor-element elementor-element-e0a7e8b e-con-full e-flex e-con e-child\" data-id=\"e0a7e8b\" data-element_type=\"container\">\n\t\t\t\t<div class=\"elementor-element elementor-element-8ec0b82 elementor-widget elementor-widget-heading\" data-id=\"8ec0b82\" data-element_type=\"widget\" data-widget_type=\"heading.default\">\n\t\t\t\t<div class=\"elementor-widget-container\">\n\t\t\t<h1 class=\"elementor-heading-title elementor-size-default\">Vilk\u00e5r og betingelser<\/h1>\t\t<\/div>\n\t\t\t\t<\/div>\n\t\t\t\t<\/div>\n\t\t\t\t\t<\/div>\n\t\t\t\t<\/div>\n\t\t\t\t<\/div>\n\t\t<div class=\"elementor-element elementor-element-15bf3a4 e-flex e-con-boxed e-con e-parent\" data-id=\"15bf3a4\" data-element_type=\"container\">\n\t\t\t\t\t<div class=\"e-con-inner\">\n\t\t\t\t<div class=\"elementor-element elementor-element-b43dbf0 gernal-content elementor-widget elementor-widget-text-editor\" data-id=\"b43dbf0\" data-element_type=\"widget\" data-widget_type=\"text-editor.default\">\n\t\t\t\t<div class=\"elementor-widget-container\">\n\t\t\t\t\t\t\t<h3 class=\"wp-block-heading\">1 Kontraktpartner<\/h3>\n<p data-prosemirror-content-type=\"node\" data-prosemirror-node-name=\"paragraph\" data-prosemirror-node-block=\"true\" data-pm-slice=\"1 1 []\">FitSmart B.V.<br data-prosemirror-content-type=\"node\" data-prosemirror-node-name=\"hardBreak\" data-prosemirror-node-inline=\"true\" \/>Stadhouderskade 5<br data-prosemirror-content-type=\"node\" data-prosemirror-node-name=\"hardBreak\" data-prosemirror-node-inline=\"true\" \/>1054 ES Amsterdam<br data-prosemirror-content-type=\"node\" data-prosemirror-node-name=\"hardBreak\" data-prosemirror-node-inline=\"true\" \/>The Netherlands<\/p>\nKaldes kontraktpartner i den f\u00f8lgende tekst.\n<h3 class=\"wp-block-heading\">2 Generelt, anvendelsesomr\u00e5de<\/h3>\nAlle tjenester, der leveres af kontraktpartneren til kunden, skal udf\u00f8res\nudelukkende p\u00e5 grundlag af f\u00f8lgende generelle vilk\u00e5r og betingelser. Afvigende bestemmelser g\u00e6lder kun i det omfang, de er aftalt mellem kontraktpartneren og kunden eller udtrykkeligt fremg\u00e5r af disse generelle vilk\u00e5r og betingelser.\n<h3 class=\"wp-block-heading\">3 Betaling, forfaldsdato, misligholdelse af betaling<\/h3>\n<ol>\n \t<li>Betaling for varerne kan ske med kreditkort eller PayPal,\nUmiddelbar bankoverf\u00f8rsel eller p\u00e5 konto. Kontraktpartneren forbeholder sig ret til at\nat acceptere eller udelukke visse betalingsmetoder i individuelle tilf\u00e6lde.<\/li>\n \t<li>Ved betaling med Paypal forpligter kunden sig til at betale k\u00f8bsprisen efter\nindg\u00e5else af kontrakten uden forsinkelse.<\/li>\n \t<li>Hvis kunden er i betalingsmisligholdelse, er han berettiget til enhver\nuagtsomhed. Han er ogs\u00e5 ansvarlig for sammentr\u00e6f p\u00e5 grund af tjenesten, medmindre,\nat skaden ville v\u00e6re sket, selv om betalingen var sket til tiden.<\/li>\n \t<li>K\u00f8besummen er renteb\u00e6rende i misligholdelsesperioden. Standardrenten er\nfem procentpoint over basisrenten for \u00e5ret. For juridiske transaktioner, der involverer\nhvor en forbruger ikke er involveret, er renten otte procentpoint over\nbasisrenten.<\/li>\n \t<li>Det er ikke udelukket at kr\u00e6ve yderligere erstatning.<\/li>\n<\/ol>\n<h3 class=\"wp-block-heading\">4 Levering<\/h3>\n<ol>\n \t<li>Levering sker ved at sende varerne til den adresse, som kunden har angivet.\nAdresse. Leveringstiden er normalt 3-5 arbejdsdage efter modtagelse af ordren.\nK\u00f8bspris. Denne information er ikke bindende, medmindre andet er aftalt.<\/li>\n \t<li>Leveringen vil blive foretaget mod\nEmballage- og forsendelsesomkostninger. Ved levering til udlandet, medmindre andet er aftalt\nPrisen for emballage og forsendelse angives separat efter v\u00e6gt.\nberegnet. Hvis kunden anmoder om en s\u00e6rlig type forsendelse, der kr\u00e6ver h\u00f8jere\nomkostninger, skal han ogs\u00e5 afholde disse ekstra omkostninger.<\/li>\n<\/ol>\n<h3 class=\"wp-block-heading\">5 Bevarelse af ejendomsretten<\/h3>\nVarerne forbliver kontraktpartnerens ejendom, indtil fuld betaling har fundet sted.\nPants\u00e6tning, overdragelse af ejendomsret i form af sikkerhedsstillelse, forarbejdning, overdragelse af ejendomsret\neller redesign uden udtrykkeligt samtykke fra kontraktpartneren.\ntilladt.\n<h3 class=\"wp-block-heading\">6 Priser<\/h3>\n<ol>\n \t<li>Den angivne pris for vores varer er den endelige pris,\ninklusive eventuel g\u00e6ldende moms og andre priskomponenter. Den\nPrisen inkluderer ikke leverings- og forsendelsesomkostninger.<\/li>\n \t<li>Med opdateringen af kontraktpartnerens internetsider forsvinder alle tidligere\nPriser og andre oplysninger om varer er ugyldige.<\/li>\n \t<li>Prisen p\u00e5 det tidspunkt, hvor fakturaen udstedes, er afg\u00f8rende for faktureringen.\nTilbud fra kunden.<\/li>\n<\/ol>\n<h3 class=\"wp-block-heading\">7 Ret til tilbagekaldelse<\/h3>\n<ol>\n \t<li>Kontraktpartneren har ogs\u00e5 ret til at tr\u00e6de tilbage fra kontrakten med hensyn til en udest\u00e5ende\nen del af leveringen eller tjenesten, hvis der gives falske oplysninger om leveringen eller tjenesten.\nkundens kreditv\u00e6rdighed er blevet foretaget eller objektive grunde vedr\u00f8rende\nkundens evne til at betale, og kunden kan p\u00e5 anmodning af\nkontraktpartner, hverken foretager forudbetaling eller leverer en passende\nsikkerhed, eller hvis der indledes insolvensbehandling mod kundens aktiver.\neller der er indgivet beg\u00e6ring om indledning af insolvensbehandling p\u00e5 grund af manglende\naktiver til at d\u00e6kke omkostningerne.<\/li>\n \t<li>Uafh\u00e6ngigt af kontraktpartnerens krav om erstatning, i tilf\u00e6lde af\ndelvis tilbagetr\u00e6kning, skal allerede udf\u00f8rte delydelser faktureres og betales i henhold til kontrakten.\nbetale.<\/li>\n<\/ol>\nPolitik for afbestilling\nDu har ret til at annullere denne kontrakt inden for 14 dage uden at angive nogen grund.\nat tilbagekalde.\nFortrydelsesfristen er fjorten dage:\n<ol>\n \t<li>I tilf\u00e6lde af en k\u00f8bsaftale fra den dag, hvor du eller en af jer\nen navngiven tredjepart, som ikke er transport\u00f8ren, har taget godset i besiddelse\nhar eller har.<\/li>\n \t<li>I tilf\u00e6lde af en kontrakt om flere varer, der skal leveres som en del af en\nblev bestilt som en enkelt ordre, og som leveres separat fra\nden dag, hvor du eller en tredjepart, der er udpeget af dig, og som ikke er\ntransport\u00f8r, har taget de sidste varer i besiddelse.<\/li>\n \t<li>I tilf\u00e6lde af en kontrakt om regelm\u00e6ssig levering af varer via en\nperiode fra den dag, hvor du eller en af dine autoriserede\nen navngiven tredjepart, som ikke er transport\u00f8ren, tager det f\u00f8rste gods i besiddelse.\nhar taget eller har taget.<\/li>\n<\/ol>\nFor at ud\u00f8ve din fortrydelsesret skal du informere kontraktpartneren ved hj\u00e6lp af en\nklar erkl\u00e6ring (f.eks. et brev sendt med posten eller en e-mail) om din\ninformere os om din beslutning om at tr\u00e6kke dig ud af denne kontrakt. Udfyld venligst\nf\u00f8lgende fortrydelsesformular og f\u00e5 den underskrevet og sendt til os via e-mail\nat komme:\n\n&#8211; Eksempel p\u00e5 fortrydelsesblanket &#8211; begyndelse\n\nTilbagekaldelse\n\nJeg\/vi (*) tilbagekalder hermed den kontrakt, som jeg\/vi (*) har indg\u00e5et for\nK\u00f8b af f\u00f8lgende varer (*)\/levering af f\u00f8lgende tjenesteydelser (*):\n__________________________\n____________________________________________________\n____________________________________________________\n\nBestillingsnummer\/ordre: ___________________________________\nBestilt den (*)\/modtaget den (*):\n__________________________________________\nNavn p\u00e5 forbruger(e):\n__________________________________________\nAdresse p\u00e5 forbruger(e):\n__________________________________________\n________________________________________\nUnderskrift af forbruger(e)\n\nDato: __________________________________\n\n(*) Slet det relevante.\n\n&#8211; Eksempel p\u00e5 fortrydelsesformular End-\n\nFor at overholde fortrydelsesfristen er det tilstr\u00e6kkeligt, at du sender din meddelelse om ud\u00f8velse af fortrydelsesretten, inden fortrydelsesfristen er udl\u00f8bet.\n<h3 class=\"wp-block-heading\">Konsekvenser af tilbagekaldelse<\/h3>\nHvis du tr\u00e6kker dig fra denne kontrakt, vil vi have refunderet alle betalinger, vi har modtaget fra dig.\ninklusive leveringsomkostninger (med undtagelse af ekstra omkostninger,\nsom f\u00f8lge af, at du har valgt en anden type levering end den, vi tilbyder.\ntilbudt, mest fordelagtige standardlevering), uden un\u00f8dig forsinkelse og ikke senere end\ninden for fjorten dage fra den dag, hvor du modtager meddelelsen om din\ntilbagekaldelse af denne kontrakt er modtaget af os. Til denne tilbagebetaling skal du bruge\ndet samme betalingsmiddel, som du brugte til den oprindelige transaktion.\nhar, medmindre andet udtrykkeligt er aftalt med dig; under ingen omst\u00e6ndigheder skal\nI dette tilf\u00e6lde vil du blive opkr\u00e6vet gebyrer for denne tilbagebetaling.\nVi kan n\u00e6gte at foretage en tilbagebetaling, f\u00f8r vi har modtaget varerne tilbage.\neller indtil du har fremlagt bevis for, at du har returneret varerne.\nafh\u00e6ngigt af, hvad der er det tidligere tidspunkt.\nDu skal returnere varerne med det samme og under alle omst\u00e6ndigheder inden for 14 dage.\ndage fra den dag, hvor du informerer os om tilbagekaldelsen af denne kontrakt til\nreturneres eller overdrages til kontraktpartneren. Fristen er overholdt, hvis\ndu sender varerne, f\u00f8r perioden p\u00e5 fjorten dage er udl\u00f8bet.\nReturneringer accepteres kun, hvis varerne sendes tilbage portofrit.\nmed angivelse af navn, adresse, telefonnummer og ordrenummer.\nDu skal kun betale for et eventuelt v\u00e6rditab p\u00e5 varerne, hvis dette\ntab af v\u00e6rdi til en til unders\u00f8gelse af tilstand, egenskaber og\nVarernes funktionalitet er ikke n\u00f8dvendig at h\u00e5ndtere med dem.\n<h3 class=\"wp-block-heading\">Udelukkelse af fortrydelsesretten<\/h3>\nOrdrer p\u00e5 forseglede varer, f.eks. ogs\u00e5 p\u00e5 kosttilskud, som\nikke egnet til returnering af hensyn til sundhedsbeskyttelse eller hygiejne\nhvis deres forsegling er blevet fjernet efter levering eller fra varer, der er blevet\nikke er pr\u00e6fabrikerede, og til hvis produktion der foretages en individuel udv\u00e6lgelse eller\nforbrugeren er afg\u00f8rende, eller som klart henviser til forbrugerens\ner skr\u00e6ddersyet til forbrugerens personlige behov eller af varer, der er\n\u00f8del\u00e6gges hurtigt, eller hvis udl\u00f8bsdato hurtigt ville blive overskredet,\nkan ikke tilbagekaldes.\n&#8211; Slut p\u00e5 tilbagetr\u00e6kningspolitikken\n<h3 class=\"wp-block-heading\">8 Garanti<\/h3>\n<ol>\n \t<li>Hvis varen er mangelfuld, har kunden ret til, som efteropfyldelse i henhold til sin\nvalg af afhj\u00e6lpning af manglen eller levering af en mangelfri vare\neftersp\u00f8rgsel. Kontraktpartneren kan v\u00e6lge den type efterf\u00f8lgende ydelse, som kunden har valgt.\nhvis det kun er muligt med uforholdsm\u00e6ssigt store omkostninger. Disse er\nis\u00e6r v\u00e6rdien af genstanden i fejlfri tilstand, betydningen af\nmangel og sp\u00f8rgsm\u00e5let om, hvorvidt den anden type efterf\u00f8lgende ydelse kan v\u00e6re\nkunne bruges uden v\u00e6sentlige ulemper for k\u00f8beren. P\u00e5standen\naf kunden er i dette tilf\u00e6lde begr\u00e6nset til den anden type efterf\u00f8lgende ydelse; den\nkontraktpartnerens ret til ogs\u00e5 at kr\u00e6ve disse i henhold til betingelserne i s\u00e6tning 1\nRetten til at n\u00e6gte brug af varerne forbliver up\u00e5virket.<\/li>\n \t<li>Hvis varerne allerede er blevet brugt, kan slitage eller\nukorrekt brug af varerne efter returnering, er der konstateret en v\u00e6rdiforringelse.\nsom modregnes i en tilbagebetaling af k\u00f8bsprisen.<\/li>\n \t<li>Hvis k\u00f8bet er en kommerciel transaktion for begge parter, skal kunden\numiddelbart efter levering, for s\u00e5 vidt som dette er muligt i den almindelige forretningsgang.\nkan lade sig g\u00f8re. Hvis der viser sig en mangel, har han givet os dette\nmed det samme. Hvis kunden undlader at underrette os, anses varerne for at v\u00e6re\ngodkendt, medmindre den p\u00e5g\u00e6ldende defekt er en, der ikke er blevet\nUnders\u00f8gelsen var ikke genkendelig. Hvis en s\u00e5dan mangel viser sig p\u00e5 et senere tidspunkt, skal\nforetages umiddelbart efter opdagelsen; ellers anses varerne for at v\u00e6re\nbetragtes ogs\u00e5 som godkendt i betragtning af denne mangel. Disse bestemmelser g\u00e6lder ikke,\nhvis manglen blev skjult p\u00e5 svigagtig vis. At bevare kundens rettigheder\nrettidig afsendelse af meddelelsen er tilstr\u00e6kkelig.<\/li>\n \t<li>Hvis kontraktpartneren leverer en mangelfri genstand med henblik p\u00e5 efterf\u00f8lgende opfyldelse,\nkan han kr\u00e6ve, at kunden returnerer den defekte vare.<\/li>\n \t<li>Skader for\u00e5rsaget af ukorrekte eller ikke-kontraktm\u00e6ssige foranstaltninger fra kundens side,\nunder installation, tilslutning, drift eller opbevaring,\nudg\u00f8r ikke et krav mod kontraktpartneren. Det uhensigtsm\u00e6ssige og\nDen manglende overensstemmelse bestemmes is\u00e6r af oplysningerne fra producenten af\nleverede varer.<\/li>\n<\/ol>\n<h3 class=\"wp-block-heading\">9 Begr\u00e6nsning af ansvar<\/h3>\n<ol>\n \t<li>For andre krav end dem, der opst\u00e5r som f\u00f8lge af skade p\u00e5 liv, lemmer og helbred\nKontraktpartneren er kun ansvarlig for skader, i det omfang disse skader skyldes fors\u00e6tlige eller\ngrov uagtsomhed eller fors\u00e6tlig misligholdelse af en v\u00e6sentlig kontraktlig forpligtelse.\nkontraktlige forpligtelse af kontraktpartneren eller dennes stedfortr\u00e6dende agenter. En\nEthvert yderligere erstatningsansvar er udelukket. Den\nBestemmelserne i produktansvarsloven forbliver up\u00e5virket af dette.<\/li>\n \t<li>I henhold til det nuv\u00e6rende tekniske niveau kan datakommunikation via\nInternettet kan ikke garanteres at v\u00e6re fejlfrit og\/eller tilg\u00e6ngeligt p\u00e5 alle tidspunkter. Den\nKontraktpartneren er derfor ikke ansvarlig for tilg\u00e6ngeligheden af onlinebutikken til enhver tid.<\/li>\n<\/ol>\n<h3 class=\"wp-block-heading\">10 Databeskyttelse<\/h3>\nAlle personlige data, der er n\u00f8dvendige for udf\u00f8relsen af ordren, gemmes i\nopbevares i maskinl\u00e6sbar form og behandles fortroligt. De data, der kr\u00e6ves til behandling\ndata, der er n\u00f8dvendige for en ordre, s\u00e5som navn og adresse, gemmes i\nUdf\u00f8relse af leveringen til den part, der har f\u00e5et til opgave at levere varerne\nvideregivet til virksomheden.\n<h3 class=\"wp-block-heading\">11 Sted for jurisdiktion<\/h3>\nDe kontraherende parter er enige om at anvende hollandsk lov.\nV\u00e6rneting for tvister, der opst\u00e5r i forbindelse med kontrakten, er Amsterdam.\nEnig.\n<h3 class=\"wp-block-heading\">12 Klausul om adskillelse<\/h3>\nHvis nogen bestemmelse i disse GTC er eller bliver ugyldig eller ikke kan h\u00e5ndh\u00e6ves,\nde resterende bestemmelser i disse GTC forbliver up\u00e5virkede.\n<h3 class=\"wp-block-heading\">13 Tilbagetr\u00e6kning fra kontrakten<\/h3>\nI tilf\u00e6lde af en berettiget tilbagetr\u00e6kning fra kontrakten af en forbruger, en\nTilbagebetaling af k\u00f8bskontrakten kun trin for trin mod tilbagelevering af de varer, der er leveret af\nvarer, der er modtaget af k\u00f8beren. Betingelsen for dette er, at varerne skal v\u00e6re i deres originale emballage og\ner ubeskadiget, og den originale faktura er vedlagt. I tilf\u00e6lde af artikler, der er\ntegn p\u00e5 brug er forringet, eller deres emballage er beskadiget, en\npassende kompensation for v\u00e6rdiforringelsen. Omkostningerne ved\nReturnering sker p\u00e5 k\u00f8bers regning.\nKlarna\nI samarbejde med\u00a0<a href=\"https:\/\/www.klarna.com\/de\/\">Klarna Bank AB (publ)<\/a>, Sveav\u00e4gen 46, 111 34 Stockholm,\nI Sverige tilbyder vi f\u00f8lgende betalingsmuligheder. Betaling sker i hvert enkelt tilf\u00e6lde\ntil Klarna:\n<ul>\n \t<li>Faktura: Betalingsfristen er [14] dage fra afsendelse af varen\/billetten\/.\neller, i tilf\u00e6lde af andre tjenester, levering af\nService. De komplette faktureringsbetingelser for landene i\nhvor denne betalingsmetode er tilg\u00e6ngelig, kan findes her: Tyskland, \u00d8strig.<\/li>\n \t<li>K\u00f8b p\u00e5 afbetaling: Med Klarnas finansieringstjeneste kan du betale for dit k\u00f8b i rater.\nfaste eller fleksible m\u00e5nedlige afdrag til de satser, der er angivet i kasseapparatet.\nL\u00f8nforhold. Betaling i rater forfalder i slutningen af m\u00e5neden efter\nBetalingen forfalder, n\u00e5r Klarna sender en m\u00e5nedlig faktura. Yderligere information\nfor k\u00f8b p\u00e5 afbetaling, herunder de generelle vilk\u00e5r og betingelser og\nEurop\u00e6iske standardoplysninger for forbrugerkredit for landene i\nhvor denne betalingsmetode er tilg\u00e6ngelig, kan findes her (kun i de angivne\ntilg\u00e6ngelige lande): Tyskland, \u00d8strig.<\/li>\n \t<li>Sofort\u00fcberweisung: Tilg\u00e6ngelig i Tyskland, \u00d8strig. Belastningen p\u00e5 din\nkonto umiddelbart efter afgivelse af ordren.<\/li>\n \t<li>Direkte debitering: Bel\u00f8bet tr\u00e6kkes, n\u00e5r varerne er afsendt. Tiden vil v\u00e6re\nDu f\u00e5r besked via e-mail. Yderligere information kan findes her.<\/li>\n \t<li>Kreditkort (Visa\/Mastercard): Tilg\u00e6ngelig i Tyskland. Debiteringen er foretaget\nefter afsendelse af varerne eller billetterne\/tilg\u00e6ngeligheden af tjenesten eller i tilf\u00e6lde af\naf et abonnement i henhold til de meddelte tider.<\/li>\n<\/ul>\nBrugen af betalingsmetoderne faktura, afbetalingsk\u00f8b og direkte debitering kr\u00e6ver en positiv\nKreditvurdering p\u00e5kr\u00e6vet. I den forbindelse videregiver vi dine data som en del af k\u00f8bsoprettelsen.\nog behandling af k\u00f8bskontrakten til Klarna med henblik p\u00e5 adresse og\nKreditvurderingen forts\u00e6tter. Forst\u00e5 venligst, at vi kun kan tilbyde dig de\ntilbyde betalingsmetoder, der er tilladt baseret p\u00e5 resultaterne af kreditvurderingen.\ner. Yderligere information og Klarnas brugsbetingelser kan findes her.\nDu kan finde generel information om Klarna her. Dine personlige data vil blive\naf Klarna i overensstemmelse med de g\u00e6ldende databeskyttelsesbestemmelser og\nbehandles i overensstemmelse med oplysningerne i Klarnas privatlivspolitik.\t\t\t\t\t\t<\/div>\n\t\t\t\t<\/div>\n\t\t\t\t\t<\/div>\n\t\t\t\t<\/div>\n\t\t\t\t<\/div>\n\t\t","protected":false},"excerpt":{"rendered":"<p>Vilk\u00e5r og betingelser 1 Kontraktpartner FitSmart B.V.Stadhouderskade 51054 ES AmsterdamThe Netherlands Kaldes kontraktpartner i den f\u00f8lgende tekst. 2 Generelt, anvendelsesomr\u00e5de Alle tjenester, der leveres af kontraktpartneren til kunden, skal udf\u00f8res udelukkende p\u00e5 grundlag af f\u00f8lgende generelle vilk\u00e5r og betingelser. Afvigende bestemmelser g\u00e6lder kun i det omfang, de er aftalt mellem kontraktpartneren og kunden eller udtrykkeligt [&hellip;]<\/p>\n","protected":false},"author":1,"featured_media":0,"parent":0,"menu_order":0,"comment_status":"closed","ping_status":"closed","template":"elementor_header_footer","meta":{"_acf_changed":false,"bwfblock_default_font":"","footnotes":""},"class_list":["post-3678","page","type-page","status-publish","hentry"],"acf":[],"_links":{"self":[{"href":"https:\/\/glucofit.co\/da\/wp-json\/wp\/v2\/pages\/3678"}],"collection":[{"href":"https:\/\/glucofit.co\/da\/wp-json\/wp\/v2\/pages"}],"about":[{"href":"https:\/\/glucofit.co\/da\/wp-json\/wp\/v2\/types\/page"}],"author":[{"embeddable":true,"href":"https:\/\/glucofit.co\/da\/wp-json\/wp\/v2\/users\/1"}],"replies":[{"embeddable":true,"href":"https:\/\/glucofit.co\/da\/wp-json\/wp\/v2\/comments?post=3678"}],"version-history":[{"count":8,"href":"https:\/\/glucofit.co\/da\/wp-json\/wp\/v2\/pages\/3678\/revisions"}],"predecessor-version":[{"id":1059795,"href":"https:\/\/glucofit.co\/da\/wp-json\/wp\/v2\/pages\/3678\/revisions\/1059795"}],"wp:attachment":[{"href":"https:\/\/glucofit.co\/da\/wp-json\/wp\/v2\/media?parent=3678"}],"curies":[{"name":"wp","href":"https:\/\/api.w.org\/{rel}","templated":true}]}}